{"id":57,"date":"2024-07-16T19:04:44","date_gmt":"2024-07-16T19:04:44","guid":{"rendered":"https:\/\/excited-emerick-ystj.zipwp.link\/?page_id=57"},"modified":"2024-07-16T19:04:44","modified_gmt":"2024-07-16T19:04:44","slug":"about","status":"publish","type":"page","link":"https:\/\/szablony.maciejdoman.net\/szablon3\/about\/","title":{"rendered":"About"},"content":{"rendered":"\n<div class=\"wp-block-uagb-container uagb-block-0a85e642 alignfull uagb-is-root-container\"><div class=\"uagb-container-inner-blocks-wrap\">\n<div class=\"wp-block-uagb-advanced-heading uagb-block-b70dfedf\"><h1 class=\"uagb-heading-text\">CARTER<\/h1><p class=\"uagb-desc-text\">Wybitny projektant stron internetowych z 5 letnim sta\u017cem<\/p><\/div>\n<\/div><\/div>\n\n\n\n<div class=\"wp-block-uagb-container uagb-block-7ba1e3af alignfull uagb-is-root-container\"><div class=\"uagb-container-inner-blocks-wrap\">\n<div class=\"wp-block-uagb-container uagb-block-52e43130\">\n<div class=\"wp-block-uagb-image alignleft uagb-block-3cc8ae84 wp-block-uagb-image--layout-default wp-block-uagb-image--effect-static wp-block-uagb-image--align-left\"><figure class=\"wp-block-uagb-image__figure\"><img decoding=\"async\" src=\"https:\/\/szablony.maciejdoman.net\/szablon3\/wp-content\/uploads\/sites\/4\/2024\/07\/person-holding-yellow-and-gray-hand-tool-c-oyjoifgcs.jpeg\" alt=\"\" class=\"uag-image-517\" width=\"272\" height=\"426\" title=\"\" loading=\"lazy\" role=\"img\" \/><\/figure><\/div>\n\n\n\n<div class=\"wp-block-uagb-image alignleft uagb-block-873a09ab wp-block-uagb-image--layout-default wp-block-uagb-image--effect-static wp-block-uagb-image--align-left\"><figure class=\"wp-block-uagb-image__figure\"><img decoding=\"async\" src=\"https:\/\/szablony.maciejdoman.net\/szablon3\/wp-content\/uploads\/sites\/4\/2024\/07\/man-wearing-black-pullover-hoodie-holding-tool-nfg4rxmcefm.jpeg\" alt=\"\" class=\"uag-image-513\" width=\"334\" height=\"493\" title=\"\" loading=\"lazy\" role=\"img\" \/><\/figure><\/div>\n<\/div>\n\n\n\n<div class=\"wp-block-uagb-container uagb-block-e5d05aa0\">\n<div class=\"wp-block-uagb-info-box uagb-block-d74629dd uagb-infobox__content-wrap  uagb-infobox-icon-above-title uagb-infobox-image-valign-top\"><div class=\"uagb-ifb-content\"><div class=\"uagb-ifb-title-wrap\"><span class=\"uagb-ifb-title-prefix\">O nas<\/span><h2 class=\"uagb-ifb-title\">Kim jeste\u015bmy?<\/h2><\/div><\/div><\/div>\n\n\n\n<div class=\"wp-block-uagb-advanced-heading uagb-block-76ddc5c0\"><div class=\"uagb-heading-text\">CARTER Noble to firma zajmuj\u0105ca si\u0119 us\u0142ugami elektrycznymi dla dom\u00f3w w Nuneaton.<\/div><p class=\"uagb-desc-text\">Zaufaj naszemu do\u015bwiadczeniu i profesjonalizmowi. Nasz zesp\u00f3\u0142 zapewni Ci kompleksowe us\u0142ugi elektryczne, w tym wizyty na miejscu, instalacje nowych o\u015bwietle\u0144 i naprawy. Jeste\u015bmy gotowi sprosta\u0107 Twoim potrzebom.<\/p><\/div>\n<\/div>\n<\/div><\/div>\n\n\n\n<div class=\"wp-block-uagb-container uagb-block-88aadb2d alignfull uagb-is-root-container\"><div class=\"uagb-container-inner-blocks-wrap\">\n<div class=\"wp-block-uagb-container uagb-block-8495ef81\">\n<div class=\"wp-block-uagb-advanced-heading uagb-block-40e66681\"><h3 class=\"uagb-heading-text\">Nasza misja<\/h3><p class=\"uagb-desc-text\">Zapewniamy najwy\u017csz\u0105 jako\u015b\u0107 us\u0142ug elektrycznych, zawsze dbaj\u0105c o bezpiecze\u0144stwo i satysfakcj\u0119 klienta.<\/p><\/div>\n\n\n\n<div class=\"wp-block-uagb-advanced-heading uagb-block-fd190eea\"><h3 class=\"uagb-heading-text\">Nasze warto\u015bci<\/h3><p class=\"uagb-desc-text\">Jeste\u015bmy oddani jako\u015bci, profesjonalizmowi i zapewnianiu doskona\u0142ej obs\u0142ugi klienta.<\/p><\/div>\n<\/div>\n\n\n\n<div class=\"wp-block-uagb-image aligncenter uagb-block-5502b574 wp-block-uagb-image--layout-default wp-block-uagb-image--effect-static wp-block-uagb-image--align-center\"><figure class=\"wp-block-uagb-image__figure\"><img decoding=\"async\" src=\"https:\/\/szablony.maciejdoman.net\/szablon3\/wp-content\/uploads\/sites\/4\/2024\/07\/gold-colored-faucet-close-up-photography-z06odt-8pkq.jpeg\" alt=\"\" class=\"uag-image-522\" width=\"1200\" height=\"500\" title=\"\" loading=\"lazy\" role=\"img\" \/><\/figure><\/div>\n<\/div><\/div>\n\n\n\n<div class=\"wp-block-uagb-container uagb-block-2f670d16 alignfull uagb-is-root-container\"><div class=\"uagb-container-inner-blocks-wrap\">\n<div class=\"wp-block-uagb-container uagb-block-adfe7623\">\n<div class=\"wp-block-uagb-advanced-heading uagb-block-4322caae\"><h2 class=\"uagb-heading-text\">Nasze osi\u0105gni\u0119cia<\/h2><p class=\"uagb-desc-text\">Cieszymy si\u0119 uznaniem naszych klient\u00f3w za nasz\u0105 niezawodno\u015b\u0107 i wysok\u0105 jako\u015b\u0107 us\u0142ug.<\/p><\/div>\n<\/div>\n\n\n\n<div class=\"wp-block-uagb-container uagb-block-f12e3e79\">\n<div class=\"wp-block-uagb-container uagb-block-a9de453c\">\n<div class=\"wp-block-uagb-counter uagb-block-b8faf51e wp-block-uagb-counter--number\"><div class=\"wp-block-uagb-counter__number\"><span class=\"uagb-counter-block-number\" data-duration=\"1.5\" data-to-value=\"10\" data-from-value=\"0\" data-delimiter=\",\"><\/span><span class=\"uagb-counter-block-suffix\">+<\/span><\/div><div class=\"wp-block-uagb-counter__title\">Years of Experience<\/div><\/div>\n<\/div>\n\n\n\n<div class=\"wp-block-uagb-container uagb-block-8725b35a\">\n<div class=\"wp-block-uagb-counter uagb-block-3218cf1a wp-block-uagb-counter--number\"><div class=\"wp-block-uagb-counter__number\"><span class=\"uagb-counter-block-number\" data-duration=\"1.5\" data-to-value=\"150\" data-from-value=\"0\" data-delimiter=\",\"><\/span><span class=\"uagb-counter-block-suffix\">+<\/span><\/div><div class=\"wp-block-uagb-counter__title\">Satisfied Clients<\/div><\/div>\n<\/div>\n\n\n\n<div class=\"wp-block-uagb-container uagb-block-52a4be26\">\n<div class=\"wp-block-uagb-counter uagb-block-5b99df08 wp-block-uagb-counter--number\"><div class=\"wp-block-uagb-counter__number\"><span class=\"uagb-counter-block-number\" data-duration=\"1.5\" data-to-value=\"20\" data-from-value=\"0\" data-delimiter=\",\"><\/span><span class=\"uagb-counter-block-suffix\">+<\/span><\/div><div class=\"wp-block-uagb-counter__title\">Number of Staff<\/div><\/div>\n<\/div>\n\n\n\n<div class=\"wp-block-uagb-container uagb-block-88b20bbb\">\n<div class=\"wp-block-uagb-counter uagb-block-472373ca wp-block-uagb-counter--number\"><div class=\"wp-block-uagb-counter__number\"><span class=\"uagb-counter-block-number\" data-duration=\"1.5\" data-to-value=\"5\" data-from-value=\"0\" data-delimiter=\",\"><\/span><span class=\"uagb-counter-block-suffix\">+<\/span><\/div><div class=\"wp-block-uagb-counter__title\">Awards Gotten<\/div><\/div>\n<\/div>\n<\/div>\n<\/div><\/div>\n\n\n\n<div class=\"wp-block-uagb-container uagb-block-b8a53f08 alignfull uagb-is-root-container\"><div class=\"uagb-container-inner-blocks-wrap\">\n<div class=\"wp-block-uagb-container uagb-block-5dc56af3\">\n<div class=\"wp-block-uagb-info-box uagb-block-2ad5b309 uagb-infobox__content-wrap  uagb-infobox-icon-above-title uagb-infobox-image-valign-top\"><div class=\"uagb-ifb-content\"><div class=\"uagb-ifb-title-wrap\"><span class=\"uagb-ifb-title-prefix\">Nasz zesp\u00f3\u0142<\/span><h2 class=\"uagb-ifb-title\">Poznaj nas<\/h2><\/div><\/div><\/div>\n\n\n\n<div class=\"wp-block-uagb-advanced-heading uagb-block-d6542631\"><p class=\"uagb-desc-text\">Nasz zesp\u00f3\u0142 sk\u0142ada si\u0119 z do\u015bwiadczonych i wykwalifikowanych elektryk\u00f3w, gotowych s\u0142u\u017cy\u0107 Ci pomoc\u0105.<\/p><\/div>\n<\/div>\n\n\n\n<div class=\"wp-block-uagb-container uagb-block-ec3849a4\">\n<div class=\"wp-block-uagb-container uagb-block-376d1a56\">\n<div class=\"wp-block-uagb-image alignleft uagb-block-8e4b8c55 wp-block-uagb-image--layout-default wp-block-uagb-image--effect-static wp-block-uagb-image--align-left\"><figure class=\"wp-block-uagb-image__figure\"><img decoding=\"async\" src=\"https:\/\/szablony.maciejdoman.net\/szablon3\/wp-content\/uploads\/sites\/4\/2024\/04\/team-skip-12.jpg\" alt=\"\" class=\"uag-image-487\" width=\"270\" height=\"300\" title=\"team-skip-12\" loading=\"lazy\" role=\"img\" \/><\/figure><\/div>\n\n\n\n<div class=\"wp-block-uagb-advanced-heading uagb-block-a606ac72\"><div class=\"uagb-heading-text\">James Anderson<\/div><p class=\"uagb-desc-text\">Architect<\/p><\/div>\n<\/div>\n\n\n\n<div class=\"wp-block-uagb-container uagb-block-e7f2e967\">\n<div class=\"wp-block-uagb-image alignleft uagb-block-c9309f8d wp-block-uagb-image--layout-default wp-block-uagb-image--effect-static wp-block-uagb-image--align-left\"><figure class=\"wp-block-uagb-image__figure\"><img decoding=\"async\" src=\"https:\/\/szablony.maciejdoman.net\/szablon3\/wp-content\/uploads\/sites\/4\/2024\/04\/team-skip-19.jpg\" alt=\"\" class=\"uag-image-489\" width=\"270\" height=\"300\" title=\"team-skip-19\" loading=\"lazy\" role=\"img\" \/><\/figure><\/div>\n\n\n\n<div class=\"wp-block-uagb-advanced-heading uagb-block-8fd252f1\"><div class=\"uagb-heading-text\">Sone Barker<\/div><p class=\"uagb-desc-text\">Architect<\/p><\/div>\n<\/div>\n\n\n\n<div class=\"wp-block-uagb-container uagb-block-5de0f59f\">\n<div class=\"wp-block-uagb-image alignleft uagb-block-c59741a9 wp-block-uagb-image--layout-default wp-block-uagb-image--effect-static wp-block-uagb-image--align-left\"><figure class=\"wp-block-uagb-image__figure\"><img decoding=\"async\" src=\"https:\/\/szablony.maciejdoman.net\/szablon3\/wp-content\/uploads\/sites\/4\/2024\/04\/team-skip-03.jpg\" alt=\"\" class=\"uag-image-490\" width=\"270\" height=\"300\" title=\"team-skip-03\" loading=\"lazy\" role=\"img\" \/><\/figure><\/div>\n\n\n\n<div class=\"wp-block-uagb-advanced-heading uagb-block-91d2620e\"><div class=\"uagb-heading-text\">Mile Barnes<\/div><p class=\"uagb-desc-text\">Architect<\/p><\/div>\n<\/div>\n\n\n\n<div class=\"wp-block-uagb-container uagb-block-3bac0044\">\n<div class=\"wp-block-uagb-image alignleft uagb-block-42149add wp-block-uagb-image--layout-default wp-block-uagb-image--effect-static wp-block-uagb-image--align-left\"><figure class=\"wp-block-uagb-image__figure\"><img decoding=\"async\" src=\"https:\/\/szablony.maciejdoman.net\/szablon3\/wp-content\/uploads\/sites\/4\/2024\/04\/team-skip-08.jpg\" alt=\"\" class=\"uag-image-491\" width=\"270\" height=\"300\" title=\"team-skip-08\" loading=\"lazy\" role=\"img\" \/><\/figure><\/div>\n\n\n\n<div class=\"wp-block-uagb-advanced-heading uagb-block-706b6786\"><div class=\"uagb-heading-text\">Chris Davies<\/div><p class=\"uagb-desc-text\">Architect<\/p><\/div>\n<\/div>\n<\/div>\n<\/div><\/div>\n\n\n\n<div class=\"wp-block-uagb-container uagb-block-4102335a alignfull uagb-is-root-container\"><div class=\"uagb-container-inner-blocks-wrap\">\n<div class=\"wp-block-uagb-advanced-heading uagb-block-c5a52038\"><h2 class=\"uagb-heading-text\">Ready to Upgrade Your Electrical Setup?<\/h2><\/div>\n\n\n\n<div class=\"wp-block-uagb-info-box uagb-block-027539ea uagb-infobox__content-wrap  uagb-infobox-icon-above-title uagb-infobox-image-valign-top\"><div class=\"uagb-ifb-content\"><div class=\"uagb-ifb-title-wrap\"><\/div><p class=\"uagb-ifb-desc\">Contact us today to discuss your electrical needs and schedule a service<\/p><div class=\"uagb-ifb-button-wrapper wp-block-button\"><a href=\"\/contact\/\" class=\"uagb-infobox-cta-link wp-block-button__link\" target=\"_self\" rel=\"noopener noreferrer\"><span class=\"uagb-inline-editing\">Contact Us<\/span><\/a><\/div><\/div><\/div>\n<\/div><\/div>\n","protected":false},"excerpt":{"rendered":"<p>CARTER Wybitny projektant stron internetowych z 5 letnim sta\u017cem CARTER Noble to firma zajmuj\u0105ca si\u0119 us\u0142ugami elektrycznymi dla dom\u00f3w w [&hellip;]<\/p>\n","protected":false},"author":1,"featured_media":0,"parent":0,"menu_order":0,"comment_status":"closed","ping_status":"closed","template":"","meta":{"_uag_custom_page_level_css":"","site-sidebar-layout":"default","site-content-layout":"","ast-site-content-layout":"default","site-content-style":"default","site-sidebar-style":"default","ast-global-header-display":"","ast-banner-title-visibility":"","ast-main-header-display":"","ast-hfb-above-header-display":"","ast-hfb-below-header-display":"","ast-hfb-mobile-header-display":"","site-post-title":"disabled","ast-breadcrumbs-content":"","ast-featured-img":"","footer-sml-layout":"","ast-disable-related-posts":"","theme-transparent-header-meta":"enabled","adv-header-id-meta":"","stick-header-meta":"","header-above-stick-meta":"","header-main-stick-meta":"","header-below-stick-meta":"","astra-migrate-meta-layouts":"","ast-page-background-enabled":"default","ast-page-background-meta":{"desktop":{"background-color":"var(--ast-global-color-5)","background-image":"","background-repeat":"repeat","background-position":"center center","background-size":"auto","background-attachment":"scroll","background-type":"","background-media":"","overlay-type":"","overlay-color":"","overlay-opacity":"","overlay-gradient":""},"tablet":{"background-color":"","background-image":"","background-repeat":"repeat","background-position":"center center","background-size":"auto","background-attachment":"scroll","background-type":"","background-media":"","overlay-type":"","overlay-color":"","overlay-opacity":"","overlay-gradient":""},"mobile":{"background-color":"","background-image":"","background-repeat":"repeat","background-position":"center center","background-size":"auto","background-attachment":"scroll","background-type":"","background-media":"","overlay-type":"","overlay-color":"","overlay-opacity":"","overlay-gradient":""}},"ast-content-background-meta":{"desktop":{"background-color":"var(--ast-global-color-4)","background-image":"","background-repeat":"repeat","background-position":"center center","background-size":"auto","background-attachment":"scroll","background-type":"","background-media":"","overlay-type":"","overlay-color":"","overlay-opacity":"","overlay-gradient":""},"tablet":{"background-color":"var(--ast-global-color-4)","background-image":"","background-repeat":"repeat","background-position":"center center","background-size":"auto","background-attachment":"scroll","background-type":"","background-media":"","overlay-type":"","overlay-color":"","overlay-opacity":"","overlay-gradient":""},"mobile":{"background-color":"var(--ast-global-color-4)","background-image":"","background-repeat":"repeat","background-position":"center center","background-size":"auto","background-attachment":"scroll","background-type":"","background-media":"","overlay-type":"","overlay-color":"","overlay-opacity":"","overlay-gradient":""}},"footnotes":""},"class_list":["post-57","page","type-page","status-publish","hentry"],"uagb_featured_image_src":{"full":false,"thumbnail":false,"medium":false,"medium_large":false,"large":false,"1536x1536":false,"2048x2048":false},"uagb_author_info":{"display_name":"maciej.doman","author_link":"https:\/\/szablony.maciejdoman.net\/szablon3\/author\/maciej-doman\/"},"uagb_comment_info":0,"uagb_excerpt":"CARTER Wybitny projektant stron internetowych z 5 letnim sta\u017cem CARTER Noble to firma zajmuj\u0105ca si\u0119 us\u0142ugami elektrycznymi dla dom\u00f3w w [&hellip;]","_links":{"self":[{"href":"https:\/\/szablony.maciejdoman.net\/szablon3\/wp-json\/wp\/v2\/pages\/57","targetHints":{"allow":["GET"]}}],"collection":[{"href":"https:\/\/szablony.maciejdoman.net\/szablon3\/wp-json\/wp\/v2\/pages"}],"about":[{"href":"https:\/\/szablony.maciejdoman.net\/szablon3\/wp-json\/wp\/v2\/types\/page"}],"author":[{"embeddable":true,"href":"https:\/\/szablony.maciejdoman.net\/szablon3\/wp-json\/wp\/v2\/users\/1"}],"replies":[{"embeddable":true,"href":"https:\/\/szablony.maciejdoman.net\/szablon3\/wp-json\/wp\/v2\/comments?post=57"}],"version-history":[{"count":0,"href":"https:\/\/szablony.maciejdoman.net\/szablon3\/wp-json\/wp\/v2\/pages\/57\/revisions"}],"wp:attachment":[{"href":"https:\/\/szablony.maciejdoman.net\/szablon3\/wp-json\/wp\/v2\/media?parent=57"}],"curies":[{"name":"wp","href":"https:\/\/api.w.org\/{rel}","templated":true}]}}