{"id":307,"date":"2026-01-02T18:32:56","date_gmt":"2026-01-02T18:32:56","guid":{"rendered":"https:\/\/stale-swann-cg.zipwp.xyz\/?page_id=307"},"modified":"2026-01-02T18:32:56","modified_gmt":"2026-01-02T18:32:56","slug":"about","status":"publish","type":"page","link":"https:\/\/szablony.maciejdoman.net\/szablon15\/about\/","title":{"rendered":"About"},"content":{"rendered":"\n<div class=\"wp-block-uagb-container uagb-block-0a3c038c alignfull uagb-is-root-container\"><div class=\"uagb-container-inner-blocks-wrap\">\n<div class=\"wp-block-uagb-advanced-heading uagb-block-68c7b934\"><p class=\"uagb-desc-text\">O nas<\/p><h1 class=\"uagb-heading-text\">Specjalistyczne us\u0142ugi webowe dla lokalnych firm<\/h1><\/div>\n\n\n\n<div class=\"wp-block-uagb-container uagb-layout-grid uagb-block-a3676eea\">\n<div class=\"wp-block-uagb-image uagb-block-edde58d1 wp-block-uagb-image--layout-default wp-block-uagb-image--effect-static wp-block-uagb-image--align-none\"><figure class=\"wp-block-uagb-image__figure\"><img decoding=\"async\" src=\"https:\/\/szablony.maciejdoman.net\/szablon15\/wp-content\/uploads\/sites\/19\/2026\/01\/silver-and-black-imac-s-326501.jpeg\" alt=\"Stylish office workspace featuring dual monitors, a keyboard, notebooks, and decorative plant.\" class=\"uag-image-547\" width=\"384\" height=\"400\" title=\"about-img-01\" loading=\"lazy\" role=\"img\" \/><\/figure><\/div>\n\n\n\n<div class=\"wp-block-uagb-image uagb-block-18e746cf wp-block-uagb-image--layout-default wp-block-uagb-image--effect-static wp-block-uagb-image--align-none\"><figure class=\"wp-block-uagb-image__figure\"><img decoding=\"async\" src=\"https:\/\/szablony.maciejdoman.net\/szablon15\/wp-content\/uploads\/sites\/19\/2026\/01\/two-imac-s-with-keyboard-and-phones-on-desk-326503.jpeg\" alt=\"A well-organized design workspace with dual monitors and design software on display.\" class=\"uag-image-549\" width=\"792\" height=\"400\" title=\"about-img-02\" loading=\"lazy\" role=\"img\" \/><\/figure><\/div>\n<\/div>\n<\/div><\/div>\n\n\n\n<div class=\"wp-block-uagb-container uagb-layout-grid uagb-block-08603c8b alignfull uagb-is-root-container\"><div class=\"uagb-container-inner-blocks-wrap\">\n<div class=\"wp-block-uagb-advanced-heading uagb-block-760f95e3\"><h2 class=\"uagb-heading-text\">Dlaczego my<\/h2><\/div>\n\n\n\n<div class=\"wp-block-uagb-info-box uagb-block-5dc1fafb uagb-infobox__content-wrap  uagb-infobox-icon-above-title uagb-infobox-image-valign-top\"><div class=\"uagb-ifb-content\"><div class=\"uagb-ifb-title-wrap\"><h3 class=\"uagb-ifb-title-prefix\">Nasza misja i warto\u015bci<\/h3><p class=\"uagb-ifb-title\">Doman Web Design nieustannie podnosi standardy, osi\u0105gaj\u0105c znaczny wzrost widoczno\u015bci online dla klient\u00f3w. Dzi\u0119ki \u015bcis\u0142ej wsp\u00f3\u0142pracy z klientami, zrealizowali\u015bmy setki projekt\u00f3w, kt\u00f3re przyci\u0105gaj\u0105 nowych u\u017cytkownik\u00f3w.<\/p><\/div><p class=\"uagb-ifb-desc\">Nasze zindywidualizowane podej\u015bcie do projektowania stron oraz lokalnego SEO pozwoli\u0142o wielu klientom zwi\u0119kszy\u0107 sprzeda\u017c i poprawi\u0107 pozycjonowanie w wynikach wyszukiwania Google. Wsp\u00f3\u0142pracujemy z lokalnymi przedsi\u0119biorcami, by realizowa\u0107 ich cele biznesowe.<\/p><\/div><\/div>\n<\/div><\/div>\n\n\n\n<div class=\"wp-block-uagb-container uagb-layout-grid uagb-block-60548ee6 alignfull uagb-is-root-container\"><div class=\"uagb-container-inner-blocks-wrap\">\n<div class=\"wp-block-uagb-container uagb-block-43b8b897\"><\/div>\n\n\n\n<div class=\"wp-block-uagb-container uagb-block-e70ef1c3\">\n<div class=\"wp-block-uagb-advanced-heading uagb-block-763f0174\"><h3 class=\"uagb-heading-text\">Nasza historia<\/h3><p class=\"uagb-desc-text\">Doman Web Design powsta\u0142a z pasji do web designu i ch\u0119ci wsparcia lokalnych firm w ich rozwoju online.<\/p><\/div>\n<\/div>\n\n\n\n<div class=\"wp-block-uagb-container uagb-block-be866ff8\"><\/div>\n\n\n\n<div class=\"wp-block-uagb-container uagb-block-5ee10564\">\n<div class=\"wp-block-uagb-advanced-heading uagb-block-5f74cbed\"><h4 class=\"uagb-heading-text\">Lokalne SEO<\/h4><p class=\"uagb-desc-text\">Skupiamy si\u0119 na skutecznym pozycjonowaniu lokalnym, aby zwi\u0119kszy\u0107 widoczno\u015b\u0107 Twojej firmy w najbardziej odpowiednich wynikach wyszukiwania.<\/p><\/div>\n<\/div>\n\n\n\n<div class=\"wp-block-uagb-container uagb-block-773529b0\">\n<div class=\"wp-block-uagb-advanced-heading uagb-block-289d8267\"><h4 class=\"uagb-heading-text\">Profesjonalne podej\u015bcie<\/h4><p class=\"uagb-desc-text\">Ka\u017cdy projekt traktujemy indywidualnie, zapewniaj\u0105c unikalne i dopasowane rozwi\u0105zania, kt\u00f3re spe\u0142niaj\u0105 specyficzne potrzeby naszych klient\u00f3w.<\/p><\/div>\n<\/div>\n\n\n\n<div class=\"wp-block-uagb-container uagb-block-4713ec62\">\n<div class=\"wp-block-uagb-advanced-heading uagb-block-b07ef287\"><h4 class=\"uagb-heading-text\">Doskona\u0142e wyniki<\/h4><p class=\"uagb-desc-text\">Nasze us\u0142ugi przynosz\u0105 realne efekty. Klienci zauwa\u017caj\u0105 wzrost ruchu na stronach oraz wi\u0119ksze zaanga\u017cowanie ze strony u\u017cytkownik\u00f3w.<\/p><\/div>\n<\/div>\n<\/div><\/div>\n\n\n\n<div class=\"wp-block-uagb-container uagb-block-e460d63f alignfull uagb-is-root-container\"><div class=\"uagb-container-inner-blocks-wrap\">\n<div class=\"wp-block-uagb-info-box uagb-block-2d9e82ad uagb-infobox__content-wrap  uagb-infobox-icon-above-title uagb-infobox-image-valign-top wp-block-uagb-info-box--has-margin\"><div class=\"uagb-infobox-margin-wrapper\"><div class=\"uagb-ifb-content\"><div class=\"uagb-ifb-title-wrap\"><div class=\"uagb-ifb-separator\"><\/div><h2 class=\"uagb-ifb-title\">Nie czekaj, skontaktuj si\u0119 z nami ju\u017c dzi\u015b!<\/h2><\/div><p class=\"uagb-ifb-desc\">Pomagamy lokalnym firmom skutecznie rozwija\u0107 ich dzia\u0142alno\u015b\u0107 online. Do\u0142\u0105cz do nas.<\/p><div class=\"uagb-ifb-button-wrapper wp-block-button\"><a href=\"\/contact\/\" class=\"uagb-infobox-cta-link wp-block-button__link\" target=\"_self\" rel=\"noopener noreferrer\" onclick=\"return true;\"><span class=\"uagb-inline-editing\">Zacznij teraz<\/span><\/a><\/div><\/div><\/div><\/div>\n<\/div><\/div>\n","protected":false},"excerpt":{"rendered":"<p>O nas Specjalistyczne us\u0142ugi webowe dla lokalnych firm Dlaczego my Nasza historia Doman Web Design powsta\u0142a z pasji do web [&hellip;]<\/p>\n","protected":false},"author":1,"featured_media":0,"parent":0,"menu_order":0,"comment_status":"closed","ping_status":"closed","template":"","meta":{"_uag_custom_page_level_css":"","site-sidebar-layout":"default","site-content-layout":"","ast-site-content-layout":"default","site-content-style":"default","site-sidebar-style":"default","ast-global-header-display":"","ast-banner-title-visibility":"","ast-main-header-display":"","ast-hfb-above-header-display":"","ast-hfb-below-header-display":"","ast-hfb-mobile-header-display":"","site-post-title":"disabled","ast-breadcrumbs-content":"","ast-featured-img":"","footer-sml-layout":"","ast-disable-related-posts":"","theme-transparent-header-meta":"","adv-header-id-meta":"","stick-header-meta":"","header-above-stick-meta":"","header-main-stick-meta":"","header-below-stick-meta":"","astra-migrate-meta-layouts":"default","ast-page-background-enabled":"default","ast-page-background-meta":{"desktop":{"background-color":"var(--ast-global-color-5)","background-image":"","background-repeat":"repeat","background-position":"center center","background-size":"auto","background-attachment":"scroll","background-type":"","background-media":"","overlay-type":"","overlay-color":"","overlay-opacity":"","overlay-gradient":""},"tablet":{"background-color":"","background-image":"","background-repeat":"repeat","background-position":"center center","background-size":"auto","background-attachment":"scroll","background-type":"","background-media":"","overlay-type":"","overlay-color":"","overlay-opacity":"","overlay-gradient":""},"mobile":{"background-color":"","background-image":"","background-repeat":"repeat","background-position":"center center","background-size":"auto","background-attachment":"scroll","background-type":"","background-media":"","overlay-type":"","overlay-color":"","overlay-opacity":"","overlay-gradient":""}},"ast-content-background-meta":{"desktop":{"background-color":"var(--ast-global-color-4)","background-image":"","background-repeat":"repeat","background-position":"center center","background-size":"auto","background-attachment":"scroll","background-type":"","background-media":"","overlay-type":"","overlay-color":"","overlay-opacity":"","overlay-gradient":""},"tablet":{"background-color":"var(--ast-global-color-4)","background-image":"","background-repeat":"repeat","background-position":"center center","background-size":"auto","background-attachment":"scroll","background-type":"","background-media":"","overlay-type":"","overlay-color":"","overlay-opacity":"","overlay-gradient":""},"mobile":{"background-color":"var(--ast-global-color-4)","background-image":"","background-repeat":"repeat","background-position":"center center","background-size":"auto","background-attachment":"scroll","background-type":"","background-media":"","overlay-type":"","overlay-color":"","overlay-opacity":"","overlay-gradient":""}},"footnotes":""},"class_list":["post-307","page","type-page","status-publish","hentry"],"uagb_featured_image_src":{"full":false,"thumbnail":false,"medium":false,"medium_large":false,"large":false,"1536x1536":false,"2048x2048":false},"uagb_author_info":{"display_name":"maciej.doman","author_link":"https:\/\/szablony.maciejdoman.net\/szablon15\/author\/maciej-doman\/"},"uagb_comment_info":0,"uagb_excerpt":"O nas Specjalistyczne us\u0142ugi webowe dla lokalnych firm Dlaczego my Nasza historia Doman Web Design powsta\u0142a z pasji do web [&hellip;]","_links":{"self":[{"href":"https:\/\/szablony.maciejdoman.net\/szablon15\/wp-json\/wp\/v2\/pages\/307","targetHints":{"allow":["GET"]}}],"collection":[{"href":"https:\/\/szablony.maciejdoman.net\/szablon15\/wp-json\/wp\/v2\/pages"}],"about":[{"href":"https:\/\/szablony.maciejdoman.net\/szablon15\/wp-json\/wp\/v2\/types\/page"}],"author":[{"embeddable":true,"href":"https:\/\/szablony.maciejdoman.net\/szablon15\/wp-json\/wp\/v2\/users\/1"}],"replies":[{"embeddable":true,"href":"https:\/\/szablony.maciejdoman.net\/szablon15\/wp-json\/wp\/v2\/comments?post=307"}],"version-history":[{"count":0,"href":"https:\/\/szablony.maciejdoman.net\/szablon15\/wp-json\/wp\/v2\/pages\/307\/revisions"}],"wp:attachment":[{"href":"https:\/\/szablony.maciejdoman.net\/szablon15\/wp-json\/wp\/v2\/media?parent=307"}],"curies":[{"name":"wp","href":"https:\/\/api.w.org\/{rel}","templated":true}]}}