{"id":31,"date":"2026-01-03T22:31:15","date_gmt":"2026-01-03T22:31:15","guid":{"rendered":"http:\/\/multipurpose-32.ziptemplates.top\/?page_id=31"},"modified":"2026-01-03T22:31:15","modified_gmt":"2026-01-03T22:31:15","slug":"contact","status":"publish","type":"page","link":"https:\/\/szablony.maciejdoman.net\/szablon14\/contact\/","title":{"rendered":"Contact"},"content":{"rendered":"\n<div class=\"wp-block-uagb-container uagb-layout-grid uagb-block-861c71f8 alignfull uagb-is-root-container\"><div class=\"uagb-container-inner-blocks-wrap\">\n<div class=\"wp-block-uagb-advanced-heading uagb-block-269a3267\"><h1 class=\"uagb-heading-text\">Skontaktuj si\u0119 z nami<\/h1><\/div>\n\n\n\n<div class=\"wp-block-uagb-image uagb-block-cc953da3 wp-block-uagb-image--layout-default wp-block-uagb-image--effect-static wp-block-uagb-image--align-none uag-blocks-common-selector\" style=\"--z-index-desktop:1;--z-index-tablet:undefined;--z-index-mobile:undefined\"><figure class=\"wp-block-uagb-image__figure\"><img decoding=\"async\" src=\"https:\/\/szablony.maciejdoman.net\/szablon14\/wp-content\/uploads\/sites\/18\/2026\/01\/bookkeeper-writing-down-on-paper-while-using-calculator-4476375.jpeg\" alt=\"Close-up of hands working with a calculator and notebook on a desk, analyzing documents.\" class=\"uag-image-330\" width=\"800\" height=\"500\" title=\"contact-bg\" loading=\"lazy\" role=\"img\" \/><\/figure><\/div>\n<\/div><\/div>\n\n\n\n<div class=\"wp-block-uagb-container uagb-block-6593d39a alignfull uagb-is-root-container\"><div class=\"uagb-container-inner-blocks-wrap\">\n<div class=\"wp-block-uagb-advanced-heading uagb-block-02e782d1\"><h2 class=\"uagb-heading-text\">Nasze biuro<\/h2><p class=\"uagb-desc-text\">Odwied\u017a nas w Rugby, aby uzyska\u0107 profesjonalne wsparcie ksi\u0119gowe w j\u0119zyku polskim.<\/p><\/div>\n\n\n\n<div class=\"wp-block-uagb-container uagb-layout-grid uagb-block-92a0800c\"><p>[sureforms id=&#8217;318&#8242;]<\/p>\n\n\n\n<div class=\"wp-block-uagb-container uagb-layout-grid uagb-block-0160abb2\">\n<div class=\"wp-block-uagb-container uagb-block-82dbe7d6\">\n<div class=\"wp-block-uagb-advanced-heading uagb-block-23585fad\"><div class=\"uagb-heading-text\">Rugby Office<\/div><\/div>\n\n\n\n<div class=\"wp-block-uagb-icon-list uagb-block-0057172c\"><div class=\"uagb-icon-list__wrap\">\n<div class=\"wp-block-uagb-icon-list-child uagb-block-d1c4c808\"><span class=\"uagb-icon-list__label\">21 Radosna Street<\/span><\/div>\n\n\n\n<div class=\"wp-block-uagb-icon-list-child uagb-block-603d8972\"><span class=\"uagb-icon-list__label\">079 000000<\/span><\/div>\n\n\n\n<div class=\"wp-block-uagb-icon-list-child uagb-block-c3202eea\"><span class=\"uagb-icon-list__label\">4domel@wp.pl<\/span><\/div>\n<\/div><\/div>\n<\/div>\n\n\n\n<div class=\"wp-block-uagb-container uagb-block-68d12953\">\n<div class=\"wp-block-uagb-advanced-heading uagb-block-9ecd0b57\"><div class=\"uagb-heading-text\">London Office<\/div><\/div>\n\n\n\n<div class=\"wp-block-uagb-icon-list uagb-block-d879ea20\"><div class=\"uagb-icon-list__wrap\">\n<div class=\"wp-block-uagb-icon-list-child uagb-block-0f1436f2\"><span class=\"uagb-icon-list__label\">21 Radosna Street<\/span><\/div>\n\n\n\n<div class=\"wp-block-uagb-icon-list-child uagb-block-458501b0\"><span class=\"uagb-icon-list__label\">079 000000<\/span><\/div>\n\n\n\n<div class=\"wp-block-uagb-icon-list-child uagb-block-3af761f5\"><span class=\"uagb-icon-list__label\">4domel@wp.pl<\/span><\/div>\n<\/div><\/div>\n<\/div>\n\n\n\n<div class=\"wp-block-uagb-container uagb-block-a2691d5a\">\n<div class=\"wp-block-uagb-advanced-heading uagb-block-41720934\"><div class=\"uagb-heading-text\">Birmingham Office<\/div><\/div>\n\n\n\n<div class=\"wp-block-uagb-icon-list uagb-block-025eb594\"><div class=\"uagb-icon-list__wrap\">\n<div class=\"wp-block-uagb-icon-list-child uagb-block-71fb2955\"><span class=\"uagb-icon-list__label\">21 Radosna Street<\/span><\/div>\n\n\n\n<div class=\"wp-block-uagb-icon-list-child uagb-block-270e7a39\"><span class=\"uagb-icon-list__label\">079 000000<\/span><\/div>\n\n\n\n<div class=\"wp-block-uagb-icon-list-child uagb-block-8765bae9\"><span class=\"uagb-icon-list__label\">4domel@wp.pl<\/span><\/div>\n<\/div><\/div>\n<\/div>\n\n\n\n<div class=\"wp-block-uagb-container uagb-block-3a79edd0\">\n<div class=\"wp-block-uagb-advanced-heading uagb-block-c513d5e6\"><div class=\"uagb-heading-text\">Manchester Office<\/div><\/div>\n\n\n\n<div class=\"wp-block-uagb-icon-list uagb-block-deb29d50\"><div class=\"uagb-icon-list__wrap\">\n<div class=\"wp-block-uagb-icon-list-child uagb-block-ed07cda8\"><span class=\"uagb-icon-list__label\">21 Radosna Street<\/span><\/div>\n\n\n\n<div class=\"wp-block-uagb-icon-list-child uagb-block-9ddc372d\"><span class=\"uagb-icon-list__label\">079 000000<\/span><\/div>\n\n\n\n<div class=\"wp-block-uagb-icon-list-child uagb-block-560b3395\"><span class=\"uagb-icon-list__label\">4domel@wp.pl<\/span><\/div>\n<\/div><\/div>\n<\/div>\n<\/div>\n<\/div>\n<\/div><\/div>\n\n\n\n<div class=\"wp-block-uagb-container uagb-block-283d2971 alignfull uagb-is-root-container\"><div class=\"uagb-container-inner-blocks-wrap\">\n<div class=\"wp-block-uagb-info-box uagb-block-82d1d57c uagb-infobox__content-wrap  uagb-infobox-icon-above-title uagb-infobox-image-valign-top\"><div class=\"uagb-ifb-content\"><div class=\"uagb-ifb-title-wrap\"><h2 class=\"uagb-ifb-title\">Chcesz dowiedzie\u0107 si\u0119 wi\u0119cej o naszych us\u0142ugach?<\/h2><\/div><p class=\"uagb-ifb-desc\">Skontaktuj si\u0119 z nami, aby uzyska\u0107 wi\u0119cej informacji i rozpocz\u0105\u0107 wsp\u00f3\u0142prac\u0119.<\/p><div class=\"uagb-ifb-button-wrapper wp-block-button\"><a href=\"\/contact\/\" class=\"uagb-infobox-cta-link wp-block-button__link\" target=\"_self\" rel=\"noopener noreferrer\" onclick=\"return true;\"><span class=\"uagb-inline-editing\">Skontaktuj si\u0119 z nami<\/span><\/a><\/div><\/div><\/div>\n<\/div><\/div>\n","protected":false},"excerpt":{"rendered":"<p>Skontaktuj si\u0119 z nami Nasze biuro Odwied\u017a nas w Rugby, aby uzyska\u0107 profesjonalne wsparcie ksi\u0119gowe w j\u0119zyku polskim. Rugby Office [&hellip;]<\/p>\n","protected":false},"author":1,"featured_media":0,"parent":0,"menu_order":0,"comment_status":"closed","ping_status":"closed","template":"","meta":{"_uag_custom_page_level_css":"","site-sidebar-layout":"default","site-content-layout":"","ast-site-content-layout":"default","site-content-style":"default","site-sidebar-style":"default","ast-global-header-display":"","ast-banner-title-visibility":"","ast-main-header-display":"","ast-hfb-above-header-display":"","ast-hfb-below-header-display":"","ast-hfb-mobile-header-display":"","site-post-title":"disabled","ast-breadcrumbs-content":"","ast-featured-img":"","footer-sml-layout":"","ast-disable-related-posts":"","theme-transparent-header-meta":"","adv-header-id-meta":"","stick-header-meta":"","header-above-stick-meta":"","header-main-stick-meta":"","header-below-stick-meta":"","astra-migrate-meta-layouts":"default","ast-page-background-enabled":"default","ast-page-background-meta":{"desktop":{"background-color":"var(--ast-global-color-5)","background-image":"","background-repeat":"repeat","background-position":"center center","background-size":"auto","background-attachment":"scroll","background-type":"","background-media":"","overlay-type":"","overlay-color":"","overlay-opacity":"","overlay-gradient":""},"tablet":{"background-color":"","background-image":"","background-repeat":"repeat","background-position":"center center","background-size":"auto","background-attachment":"scroll","background-type":"","background-media":"","overlay-type":"","overlay-color":"","overlay-opacity":"","overlay-gradient":""},"mobile":{"background-color":"","background-image":"","background-repeat":"repeat","background-position":"center center","background-size":"auto","background-attachment":"scroll","background-type":"","background-media":"","overlay-type":"","overlay-color":"","overlay-opacity":"","overlay-gradient":""}},"ast-content-background-meta":{"desktop":{"background-color":"var(--ast-global-color-4)","background-image":"","background-repeat":"repeat","background-position":"center center","background-size":"auto","background-attachment":"scroll","background-type":"","background-media":"","overlay-type":"","overlay-color":"","overlay-opacity":"","overlay-gradient":""},"tablet":{"background-color":"var(--ast-global-color-4)","background-image":"","background-repeat":"repeat","background-position":"center center","background-size":"auto","background-attachment":"scroll","background-type":"","background-media":"","overlay-type":"","overlay-color":"","overlay-opacity":"","overlay-gradient":""},"mobile":{"background-color":"var(--ast-global-color-4)","background-image":"","background-repeat":"repeat","background-position":"center center","background-size":"auto","background-attachment":"scroll","background-type":"","background-media":"","overlay-type":"","overlay-color":"","overlay-opacity":"","overlay-gradient":""}},"footnotes":""},"class_list":["post-31","page","type-page","status-publish","hentry"],"uagb_featured_image_src":{"full":false,"thumbnail":false,"medium":false,"medium_large":false,"large":false,"1536x1536":false,"2048x2048":false},"uagb_author_info":{"display_name":"maciej.doman","author_link":"https:\/\/szablony.maciejdoman.net\/szablon14\/author\/maciej-doman\/"},"uagb_comment_info":0,"uagb_excerpt":"Skontaktuj si\u0119 z nami Nasze biuro Odwied\u017a nas w Rugby, aby uzyska\u0107 profesjonalne wsparcie ksi\u0119gowe w j\u0119zyku polskim. Rugby Office [&hellip;]","_links":{"self":[{"href":"https:\/\/szablony.maciejdoman.net\/szablon14\/wp-json\/wp\/v2\/pages\/31","targetHints":{"allow":["GET"]}}],"collection":[{"href":"https:\/\/szablony.maciejdoman.net\/szablon14\/wp-json\/wp\/v2\/pages"}],"about":[{"href":"https:\/\/szablony.maciejdoman.net\/szablon14\/wp-json\/wp\/v2\/types\/page"}],"author":[{"embeddable":true,"href":"https:\/\/szablony.maciejdoman.net\/szablon14\/wp-json\/wp\/v2\/users\/1"}],"replies":[{"embeddable":true,"href":"https:\/\/szablony.maciejdoman.net\/szablon14\/wp-json\/wp\/v2\/comments?post=31"}],"version-history":[{"count":0,"href":"https:\/\/szablony.maciejdoman.net\/szablon14\/wp-json\/wp\/v2\/pages\/31\/revisions"}],"wp:attachment":[{"href":"https:\/\/szablony.maciejdoman.net\/szablon14\/wp-json\/wp\/v2\/media?parent=31"}],"curies":[{"name":"wp","href":"https:\/\/api.w.org\/{rel}","templated":true}]}}