{"id":21,"date":"2026-01-03T22:31:15","date_gmt":"2026-01-03T22:31:15","guid":{"rendered":"http:\/\/multipurpose-32.ziptemplates.top\/?page_id=21"},"modified":"2026-01-03T22:31:15","modified_gmt":"2026-01-03T22:31:15","slug":"about","status":"publish","type":"page","link":"https:\/\/szablony.maciejdoman.net\/szablon14\/about\/","title":{"rendered":"About"},"content":{"rendered":"\n<div class=\"wp-block-uagb-container uagb-layout-grid uagb-block-861c71f8 alignfull uagb-is-root-container\"><div class=\"uagb-container-inner-blocks-wrap\">\n<div class=\"wp-block-uagb-advanced-heading uagb-block-269a3267\"><h1 class=\"uagb-heading-text\">Profesjonalna obs\u0142uga ksi\u0119gowa dla polskich firm<\/h1><\/div>\n\n\n\n<div class=\"wp-block-uagb-image uagb-block-cc953da3 wp-block-uagb-image--layout-default wp-block-uagb-image--effect-static wp-block-uagb-image--align-none\"><figure class=\"wp-block-uagb-image__figure\"><img decoding=\"async\" src=\"https:\/\/szablony.maciejdoman.net\/szablon14\/wp-content\/uploads\/sites\/18\/2026\/01\/person-using-silver-macbook-oqxph8c1ufe.jpeg\" alt=\"Accountant\u2019s desk\" class=\"uag-image-329\" width=\"800\" height=\"500\" title=\"about-bg\" loading=\"lazy\" role=\"img\" \/><\/figure><\/div>\n<\/div><\/div>\n\n\n\n<div class=\"wp-block-uagb-container uagb-block-8af37a54 alignfull uagb-is-root-container\"><div class=\"uagb-container-inner-blocks-wrap\">\n<div class=\"wp-block-uagb-advanced-heading uagb-block-6950e8e0\"><h2 class=\"uagb-heading-text\">Kim jeste\u015bmy i co oferujemy<\/h2><\/div>\n\n\n\n<div class=\"wp-block-uagb-info-box uagb-block-69e924c0 uagb-infobox__content-wrap  uagb-infobox-icon-above-title uagb-infobox-image-valign-top\"><div class=\"uagb-ifb-content\"><div class=\"uagb-ifb-title-wrap\"><h3 class=\"uagb-ifb-title-prefix\">Rzetelno\u015b\u0107 i do\u015bwiadczenie<\/h3><p class=\"uagb-ifb-title\">Domel to biuro ksi\u0119gowe, kt\u00f3re z sukcesem pomog\u0142o ponad 1000 polskich firm w UK. Dzi\u0119ki naszemu do\u015bwiadczeniu, klienci zyskuj\u0105 pewno\u015b\u0107, \u017ce ich finanse s\u0105 w dobrych r\u0119kach, co pozwala im skoncentrowa\u0107 si\u0119 na rozwoju biznesu.<\/p><\/div><p class=\"uagb-ifb-desc\">Zaufaj naszej ponad 10-letniej wiedzy w ksi\u0119gowo\u015bci. Nasi klienci oceniaj\u0105 nasze us\u0142ugi na 4.8\/5, co \u015bwiadczy o wysokim standardzie naszej obs\u0142ugi.<\/p><\/div><\/div>\n<\/div><\/div>\n\n\n\n<div class=\"wp-block-uagb-container uagb-block-c0243b08 alignfull uagb-is-root-container\"><div class=\"uagb-container-inner-blocks-wrap\">\n<div class=\"wp-block-uagb-image uagb-block-7022f48d wp-block-uagb-image--layout-default wp-block-uagb-image--effect-static wp-block-uagb-image--align-none uag-blocks-common-selector\" style=\"--z-index-desktop:1;--z-index-tablet:undefined;--z-index-mobile:undefined\"><figure class=\"wp-block-uagb-image__figure\"><img decoding=\"async\" src=\"https:\/\/szablony.maciejdoman.net\/szablon14\/wp-content\/uploads\/sites\/18\/2026\/01\/woman-using-a-black-and-red-smartphone-and-calculator-5196820.jpeg\" alt=\"Close-up of a woman using a calculator and phone at her office desk.\" class=\"uag-image-336\" width=\"1200\" height=\"450\" title=\"who-we-are\" loading=\"lazy\" role=\"img\" \/><\/figure><\/div>\n\n\n\n<div class=\"wp-block-uagb-advanced-heading uagb-block-fb25c115\"><h2 class=\"uagb-heading-text\">Zyskaj spok\u00f3j i kontrol\u0119 nad finansami<\/h2><\/div>\n\n\n\n<div class=\"wp-block-uagb-container uagb-block-494d221e\">\n<div class=\"wp-block-uagb-container uagb-block-73cf9e23\">\n<div class=\"wp-block-uagb-icon-list uagb-block-3a9da422\"><div class=\"uagb-icon-list__wrap\">\n<div class=\"wp-block-uagb-icon-list-child uagb-block-42843833\"><span class=\"uagb-icon-list__source-wrap\"><\/span><span class=\"uagb-icon-list__label\">Lata do\u015bwiadczenia<\/span><\/div>\n<\/div><\/div>\n\n\n\n<div class=\"wp-block-uagb-advanced-heading uagb-block-a2717360\"><p class=\"uagb-heading-text\">15<\/p><p class=\"uagb-desc-text\">W tej cz\u0119\u015bci napiszemy o tym, co sprawia, \u017ce Twoja firma jest wyj\u0105tkowa i jak\u0105 warto\u015b\u0107 ludzie uzyskuj\u0105 korzystaj\u0105c z Twoich produkt\u00f3w lub us\u0142ug w por\u00f3wnaniu do konkurencji.<\/p><\/div>\n<\/div>\n\n\n\n<div class=\"wp-block-uagb-container uagb-block-0bdeda31\">\n<div class=\"wp-block-uagb-icon-list uagb-block-4abeaf65\"><div class=\"uagb-icon-list__wrap\">\n<div class=\"wp-block-uagb-icon-list-child uagb-block-94e579da\"><span class=\"uagb-icon-list__source-wrap\"><\/span><span class=\"uagb-icon-list__label\">Wska\u017anik satysfakcji<\/span><\/div>\n<\/div><\/div>\n\n\n\n<div class=\"wp-block-uagb-advanced-heading uagb-block-e940bf75\"><p class=\"uagb-heading-text\">98%<\/p><p class=\"uagb-desc-text\">W tej cz\u0119\u015bci napiszemy o tym, co sprawia, \u017ce Twoja firma jest wyj\u0105tkowa i jak\u0105 warto\u015b\u0107 ludzie uzyskuj\u0105 korzystaj\u0105c z Twoich produkt\u00f3w lub us\u0142ug w por\u00f3wnaniu do konkurencji.<\/p><\/div>\n<\/div>\n\n\n\n<div class=\"wp-block-uagb-container uagb-block-7d5c737b\">\n<div class=\"wp-block-uagb-icon-list uagb-block-019ec0b2\"><div class=\"uagb-icon-list__wrap\">\n<div class=\"wp-block-uagb-icon-list-child uagb-block-33f49684\"><span class=\"uagb-icon-list__source-wrap\"><\/span><span class=\"uagb-icon-list__label\">Doradztwo od<\/span><\/div>\n<\/div><\/div>\n\n\n\n<div class=\"wp-block-uagb-advanced-heading uagb-block-ab97b53b\"><p class=\"uagb-heading-text\">2012<\/p><p class=\"uagb-desc-text\">W tej cz\u0119\u015bci napiszemy o tym, co sprawia, \u017ce Twoja firma jest wyj\u0105tkowa i jak\u0105 warto\u015b\u0107 ludzie uzyskuj\u0105 korzystaj\u0105c z Twoich produkt\u00f3w lub us\u0142ug w por\u00f3wnaniu do konkurencji.<\/p><\/div>\n<\/div>\n<\/div>\n<\/div><\/div>\n\n\n\n<div class=\"wp-block-uagb-container uagb-block-283d2971 alignfull uagb-is-root-container\"><div class=\"uagb-container-inner-blocks-wrap\">\n<div class=\"wp-block-uagb-info-box uagb-block-82d1d57c uagb-infobox__content-wrap  uagb-infobox-icon-above-title uagb-infobox-image-valign-top\"><div class=\"uagb-ifb-content\"><div class=\"uagb-ifb-title-wrap\"><h2 class=\"uagb-ifb-title\">Chcesz dowiedzie\u0107 si\u0119 wi\u0119cej o naszych us\u0142ugach?<\/h2><\/div><p class=\"uagb-ifb-desc\">Skontaktuj si\u0119 z nami, aby uzyska\u0107 wi\u0119cej informacji i rozpocz\u0105\u0107 wsp\u00f3\u0142prac\u0119.<\/p><div class=\"uagb-ifb-button-wrapper wp-block-button\"><a href=\"\/contact\/\" class=\"uagb-infobox-cta-link wp-block-button__link\" target=\"_self\" rel=\"noopener noreferrer\" onclick=\"return true;\"><span class=\"uagb-inline-editing\">Skontaktuj si\u0119 z nami<\/span><\/a><\/div><\/div><\/div>\n<\/div><\/div>\n","protected":false},"excerpt":{"rendered":"<p>Profesjonalna obs\u0142uga ksi\u0119gowa dla polskich firm Kim jeste\u015bmy i co oferujemy Zyskaj spok\u00f3j i kontrol\u0119 nad finansami 15 W tej [&hellip;]<\/p>\n","protected":false},"author":1,"featured_media":0,"parent":0,"menu_order":0,"comment_status":"closed","ping_status":"closed","template":"","meta":{"_uag_custom_page_level_css":"","site-sidebar-layout":"default","site-content-layout":"","ast-site-content-layout":"default","site-content-style":"default","site-sidebar-style":"default","ast-global-header-display":"","ast-banner-title-visibility":"","ast-main-header-display":"","ast-hfb-above-header-display":"","ast-hfb-below-header-display":"","ast-hfb-mobile-header-display":"","site-post-title":"disabled","ast-breadcrumbs-content":"","ast-featured-img":"","footer-sml-layout":"","ast-disable-related-posts":"","theme-transparent-header-meta":"","adv-header-id-meta":"","stick-header-meta":"","header-above-stick-meta":"","header-main-stick-meta":"","header-below-stick-meta":"","astra-migrate-meta-layouts":"default","ast-page-background-enabled":"default","ast-page-background-meta":{"desktop":{"background-color":"var(--ast-global-color-5)","background-image":"","background-repeat":"repeat","background-position":"center center","background-size":"auto","background-attachment":"scroll","background-type":"","background-media":"","overlay-type":"","overlay-color":"","overlay-opacity":"","overlay-gradient":""},"tablet":{"background-color":"","background-image":"","background-repeat":"repeat","background-position":"center center","background-size":"auto","background-attachment":"scroll","background-type":"","background-media":"","overlay-type":"","overlay-color":"","overlay-opacity":"","overlay-gradient":""},"mobile":{"background-color":"","background-image":"","background-repeat":"repeat","background-position":"center center","background-size":"auto","background-attachment":"scroll","background-type":"","background-media":"","overlay-type":"","overlay-color":"","overlay-opacity":"","overlay-gradient":""}},"ast-content-background-meta":{"desktop":{"background-color":"var(--ast-global-color-4)","background-image":"","background-repeat":"repeat","background-position":"center center","background-size":"auto","background-attachment":"scroll","background-type":"","background-media":"","overlay-type":"","overlay-color":"","overlay-opacity":"","overlay-gradient":""},"tablet":{"background-color":"var(--ast-global-color-4)","background-image":"","background-repeat":"repeat","background-position":"center center","background-size":"auto","background-attachment":"scroll","background-type":"","background-media":"","overlay-type":"","overlay-color":"","overlay-opacity":"","overlay-gradient":""},"mobile":{"background-color":"var(--ast-global-color-4)","background-image":"","background-repeat":"repeat","background-position":"center center","background-size":"auto","background-attachment":"scroll","background-type":"","background-media":"","overlay-type":"","overlay-color":"","overlay-opacity":"","overlay-gradient":""}},"footnotes":""},"class_list":["post-21","page","type-page","status-publish","hentry"],"uagb_featured_image_src":{"full":false,"thumbnail":false,"medium":false,"medium_large":false,"large":false,"1536x1536":false,"2048x2048":false},"uagb_author_info":{"display_name":"maciej.doman","author_link":"https:\/\/szablony.maciejdoman.net\/szablon14\/author\/maciej-doman\/"},"uagb_comment_info":0,"uagb_excerpt":"Profesjonalna obs\u0142uga ksi\u0119gowa dla polskich firm Kim jeste\u015bmy i co oferujemy Zyskaj spok\u00f3j i kontrol\u0119 nad finansami 15 W tej [&hellip;]","_links":{"self":[{"href":"https:\/\/szablony.maciejdoman.net\/szablon14\/wp-json\/wp\/v2\/pages\/21","targetHints":{"allow":["GET"]}}],"collection":[{"href":"https:\/\/szablony.maciejdoman.net\/szablon14\/wp-json\/wp\/v2\/pages"}],"about":[{"href":"https:\/\/szablony.maciejdoman.net\/szablon14\/wp-json\/wp\/v2\/types\/page"}],"author":[{"embeddable":true,"href":"https:\/\/szablony.maciejdoman.net\/szablon14\/wp-json\/wp\/v2\/users\/1"}],"replies":[{"embeddable":true,"href":"https:\/\/szablony.maciejdoman.net\/szablon14\/wp-json\/wp\/v2\/comments?post=21"}],"version-history":[{"count":0,"href":"https:\/\/szablony.maciejdoman.net\/szablon14\/wp-json\/wp\/v2\/pages\/21\/revisions"}],"wp:attachment":[{"href":"https:\/\/szablony.maciejdoman.net\/szablon14\/wp-json\/wp\/v2\/media?parent=21"}],"curies":[{"name":"wp","href":"https:\/\/api.w.org\/{rel}","templated":true}]}}