{"id":27,"date":"2026-01-03T22:40:47","date_gmt":"2026-01-03T22:40:47","guid":{"rendered":"https:\/\/warden-wagnon-3i6.zipwp.link\/?page_id=27"},"modified":"2026-01-03T22:40:47","modified_gmt":"2026-01-03T22:40:47","slug":"contact","status":"publish","type":"page","link":"https:\/\/szablony.maciejdoman.net\/szablon13\/contact\/","title":{"rendered":"Contact"},"content":{"rendered":"\n<div class=\"wp-block-uagb-container uagb-block-002b066a alignfull uagb-is-root-container\"><div class=\"uagb-container-inner-blocks-wrap\">\n<div class=\"wp-block-uagb-advanced-heading uagb-block-ea598fb2\"><h1 class=\"uagb-heading-text\">Skontaktuj si\u0119 z nami<\/h1><\/div>\n<\/div><\/div>\n\n\n\n<div class=\"wp-block-uagb-container uagb-block-af2d21ee alignfull uagb-is-root-container\"><div class=\"uagb-container-inner-blocks-wrap\">\n<div class=\"wp-block-uagb-advanced-heading uagb-block-2c6cae56\"><h2 class=\"uagb-heading-text\">Zadzwo\u0144 lub napisz<\/h2><p class=\"uagb-desc-text\">Jeste\u015bmy tutaj, aby odpowiedzie\u0107 na Twoje pytania i pom\u00f3c w obs\u0142udze ksi\u0119gowej.<\/p><\/div>\n\n\n\n<div class=\"wp-block-uagb-container uagb-block-ffd230f9\">\n<div class=\"wp-block-uagb-container uagb-block-d2bb0c6a\">\n<div class=\"wp-block-uagb-info-box uagb-block-d309b733 uagb-infobox__content-wrap  uagb-infobox-icon-left-title uagb-infobox-left uagb-infobox-image-valign-top\"><div class=\"uagb-ifb-content\"><div class=\"uagb-ifb-left-title-image\"><div class=\"uagb-ifb-icon-wrap\"><\/div><div class=\"uagb-ifb-title-wrap\"><p class=\"uagb-ifb-title\">Adres<\/p><\/div><\/div><p class=\"uagb-ifb-desc\">3 Radosna Street<\/p><div class=\"uagb-ifb-separator\"><\/div><\/div><\/div>\n\n\n\n<div class=\"wp-block-uagb-info-box uagb-block-a2c6fa66 uagb-infobox__content-wrap  uagb-infobox-icon-left-title uagb-infobox-left uagb-infobox-image-valign-top\"><div class=\"uagb-ifb-content\"><div class=\"uagb-ifb-left-title-image\"><div class=\"uagb-ifb-icon-wrap\"><\/div><div class=\"uagb-ifb-title-wrap\"><p class=\"uagb-ifb-title\">Email<\/p><\/div><\/div><p class=\"uagb-ifb-desc\">4domel@wp.pl<\/p><div class=\"uagb-ifb-separator\"><\/div><\/div><\/div>\n\n\n\n<div class=\"wp-block-uagb-info-box uagb-block-c929f0a3 uagb-infobox__content-wrap  uagb-infobox-icon-left-title uagb-infobox-left uagb-infobox-image-valign-top\"><div class=\"uagb-ifb-content\"><div class=\"uagb-ifb-left-title-image\"><div class=\"uagb-ifb-icon-wrap\"><\/div><div class=\"uagb-ifb-title-wrap\"><p class=\"uagb-ifb-title\">Telefon<\/p><\/div><\/div><p class=\"uagb-ifb-desc\">079 000000<\/p><\/div><\/div>\n\n\n\n<div class=\"wp-block-uagb-icon-list uagb-block-ead5c593\"><div class=\"uagb-icon-list__wrap\">\n<div class=\"wp-block-uagb-icon-list-child uagb-block-7d6d2446\"><a target=\"_blank\" aria-label=\"List item\" rel=\"noopener noreferrer\" href=\"\/szablon13\/\"> <\/a><span class=\"uagb-icon-list__source-wrap\"><\/span><\/div>\n\n\n\n<div class=\"wp-block-uagb-icon-list-child uagb-block-186d4ee5\"><a target=\"_blank\" aria-label=\"List item\" rel=\"noopener noreferrer\" href=\"\/szablon13\/\"> <\/a><span class=\"uagb-icon-list__source-wrap\"><\/span><\/div>\n\n\n\n<div class=\"wp-block-uagb-icon-list-child uagb-block-1aab742e\"><a target=\"_blank\" aria-label=\"List item\" rel=\"noopener noreferrer\" href=\"\/szablon13\/\"> <\/a><span class=\"uagb-icon-list__source-wrap\"><\/span><\/div>\n\n\n\n<div class=\"wp-block-uagb-icon-list-child uagb-block-2e59c337\"><a target=\"_blank\" aria-label=\"List item\" rel=\"noopener noreferrer\" href=\"\/szablon13\/\"> <\/a><span class=\"uagb-icon-list__source-wrap\"><\/span><\/div>\n\n\n\n<div class=\"wp-block-uagb-icon-list-child uagb-block-3d5c1852\"><a target=\"_blank\" aria-label=\"List item\" rel=\"noopener noreferrer\" href=\"\/szablon13\/\"> <\/a><span class=\"uagb-icon-list__source-wrap\"><\/span><\/div>\n<\/div><\/div>\n<\/div>\n\n\n\n<div class=\"wp-block-uagb-container uagb-block-ffc902bc\">\n<div class=\"wp-block-uagb-advanced-heading uagb-block-abdaec5f\"><h3 class=\"uagb-heading-text\">Formularz kontaktowy<\/h3><\/div>\n\n\n<p>[sureforms id=&#8217;277&#8242;]<\/p>\n<\/div>\n<\/div>\n<\/div><\/div>\n\n\n\n<div class=\"wp-block-uagb-container uagb-block-35937d88 alignfull uagb-is-root-container\"><div class=\"uagb-container-inner-blocks-wrap\">\n<div class=\"wp-block-uagb-info-box uagb-block-710ed4f3 uagb-infobox__content-wrap  uagb-infobox-icon-above-title uagb-infobox-image-valign-top\"><div class=\"uagb-ifb-content\"><div class=\"uagb-ifb-title-wrap\"><h2 class=\"uagb-ifb-title\">Nie czekaj, skontaktuj si\u0119 z nami ju\u017c dzi\u015b!<\/h2><\/div><p class=\"uagb-ifb-desc\">Zyskaj pe\u0142ne wsparcie ksi\u0119gowe, kt\u00f3re pomo\u017ce Twojemu biznesowi prosperowa\u0107 w Wielkiej Brytanii. Jeste\u015bmy tutaj, aby pom\u00f3c!<\/p><div class=\"uagb-ifb-button-wrapper wp-block-button\"><a href=\"\/szablon13\/contact\/\" class=\"uagb-infobox-cta-link wp-block-button__link\" target=\"_self\" rel=\"noopener noreferrer\"><span class=\"uagb-inline-editing\">Skontaktuj si\u0119 z nami<\/span><\/a><\/div><\/div><\/div>\n<\/div><\/div>\n","protected":false},"excerpt":{"rendered":"<p>Skontaktuj si\u0119 z nami Zadzwo\u0144 lub napisz Jeste\u015bmy tutaj, aby odpowiedzie\u0107 na Twoje pytania i pom\u00f3c w obs\u0142udze ksi\u0119gowej. Formularz [&hellip;]<\/p>\n","protected":false},"author":1,"featured_media":0,"parent":0,"menu_order":0,"comment_status":"closed","ping_status":"closed","template":"","meta":{"_uag_custom_page_level_css":"","site-sidebar-layout":"default","site-content-layout":"","ast-site-content-layout":"default","site-content-style":"default","site-sidebar-style":"default","ast-global-header-display":"","ast-banner-title-visibility":"","ast-main-header-display":"","ast-hfb-above-header-display":"","ast-hfb-below-header-display":"","ast-hfb-mobile-header-display":"","site-post-title":"disabled","ast-breadcrumbs-content":"","ast-featured-img":"","footer-sml-layout":"","ast-disable-related-posts":"","theme-transparent-header-meta":"enabled","adv-header-id-meta":"","stick-header-meta":"","header-above-stick-meta":"","header-main-stick-meta":"","header-below-stick-meta":"","astra-migrate-meta-layouts":"default","ast-page-background-enabled":"default","ast-page-background-meta":{"desktop":{"background-color":"var(--ast-global-color-5)","background-image":"","background-repeat":"repeat","background-position":"center center","background-size":"auto","background-attachment":"scroll","background-type":"","background-media":"","overlay-type":"","overlay-color":"","overlay-opacity":"","overlay-gradient":""},"tablet":{"background-color":"","background-image":"","background-repeat":"repeat","background-position":"center center","background-size":"auto","background-attachment":"scroll","background-type":"","background-media":"","overlay-type":"","overlay-color":"","overlay-opacity":"","overlay-gradient":""},"mobile":{"background-color":"","background-image":"","background-repeat":"repeat","background-position":"center center","background-size":"auto","background-attachment":"scroll","background-type":"","background-media":"","overlay-type":"","overlay-color":"","overlay-opacity":"","overlay-gradient":""}},"ast-content-background-meta":{"desktop":{"background-color":"var(--ast-global-color-4)","background-image":"","background-repeat":"repeat","background-position":"center center","background-size":"auto","background-attachment":"scroll","background-type":"","background-media":"","overlay-type":"","overlay-color":"","overlay-opacity":"","overlay-gradient":""},"tablet":{"background-color":"var(--ast-global-color-4)","background-image":"","background-repeat":"repeat","background-position":"center center","background-size":"auto","background-attachment":"scroll","background-type":"","background-media":"","overlay-type":"","overlay-color":"","overlay-opacity":"","overlay-gradient":""},"mobile":{"background-color":"var(--ast-global-color-4)","background-image":"","background-repeat":"repeat","background-position":"center center","background-size":"auto","background-attachment":"scroll","background-type":"","background-media":"","overlay-type":"","overlay-color":"","overlay-opacity":"","overlay-gradient":""}},"footnotes":""},"class_list":["post-27","page","type-page","status-publish","hentry"],"uagb_featured_image_src":{"full":false,"thumbnail":false,"medium":false,"medium_large":false,"large":false,"1536x1536":false,"2048x2048":false},"uagb_author_info":{"display_name":"maciej.doman","author_link":"https:\/\/szablony.maciejdoman.net\/szablon13\/author\/maciej-doman\/"},"uagb_comment_info":0,"uagb_excerpt":"Skontaktuj si\u0119 z nami Zadzwo\u0144 lub napisz Jeste\u015bmy tutaj, aby odpowiedzie\u0107 na Twoje pytania i pom\u00f3c w obs\u0142udze ksi\u0119gowej. Formularz [&hellip;]","_links":{"self":[{"href":"https:\/\/szablony.maciejdoman.net\/szablon13\/wp-json\/wp\/v2\/pages\/27","targetHints":{"allow":["GET"]}}],"collection":[{"href":"https:\/\/szablony.maciejdoman.net\/szablon13\/wp-json\/wp\/v2\/pages"}],"about":[{"href":"https:\/\/szablony.maciejdoman.net\/szablon13\/wp-json\/wp\/v2\/types\/page"}],"author":[{"embeddable":true,"href":"https:\/\/szablony.maciejdoman.net\/szablon13\/wp-json\/wp\/v2\/users\/1"}],"replies":[{"embeddable":true,"href":"https:\/\/szablony.maciejdoman.net\/szablon13\/wp-json\/wp\/v2\/comments?post=27"}],"version-history":[{"count":0,"href":"https:\/\/szablony.maciejdoman.net\/szablon13\/wp-json\/wp\/v2\/pages\/27\/revisions"}],"wp:attachment":[{"href":"https:\/\/szablony.maciejdoman.net\/szablon13\/wp-json\/wp\/v2\/media?parent=27"}],"curies":[{"name":"wp","href":"https:\/\/api.w.org\/{rel}","templated":true}]}}