{"id":25,"date":"2026-01-03T22:40:47","date_gmt":"2026-01-03T22:40:47","guid":{"rendered":"https:\/\/warden-wagnon-3i6.zipwp.link\/?page_id=25"},"modified":"2026-01-03T22:40:47","modified_gmt":"2026-01-03T22:40:47","slug":"services","status":"publish","type":"page","link":"https:\/\/szablony.maciejdoman.net\/szablon13\/services\/","title":{"rendered":"Services"},"content":{"rendered":"\n<div class=\"wp-block-uagb-container uagb-block-002b066a alignfull uagb-is-root-container\"><div class=\"uagb-container-inner-blocks-wrap\">\n<div class=\"wp-block-uagb-advanced-heading uagb-block-ea598fb2\"><h1 class=\"uagb-heading-text\">Kompleksowa obs\u0142uga ksi\u0119gowa dla firm<\/h1><\/div>\n<\/div><\/div>\n\n\n\n<div class=\"wp-block-uagb-container uagb-block-c95ede17 alignfull uagb-is-root-container\"><div class=\"uagb-container-inner-blocks-wrap\">\n<div class=\"wp-block-uagb-container uagb-block-4b3ef6a3\">\n<div class=\"wp-block-uagb-advanced-heading uagb-block-188f70ef\"><h2 class=\"uagb-heading-text\">Nasze kluczowe us\u0142ugi ksi\u0119gowe<\/h2><\/div>\n\n\n\n<div class=\"wp-block-uagb-advanced-heading uagb-block-a8f0052f\"><p class=\"uagb-heading-text\">Oferujemy profesjonalne us\u0142ugi ksi\u0119gowe dla polskich przedsi\u0119biorc\u00f3w w UK, wspieraj\u0105c rozw\u00f3j twojej firmy.<\/p><\/div>\n<\/div>\n\n\n\n<div class=\"wp-block-uagb-container uagb-block-46887ad0\">\n<div class=\"wp-block-uagb-container uagb-block-9c42f0ce\">\n<div class=\"wp-block-uagb-advanced-heading uagb-block-ff445bdd\"><h3 class=\"uagb-heading-text\">Sp\u00f3\u0142ki LTD<\/h3><p class=\"uagb-desc-text\">Zapewniamy kompleksowe us\u0142ugi ksi\u0119gowe dla sp\u00f3\u0142ek LTD, w tym rozliczenia podatkowe i doradztwo.<\/p><\/div>\n<\/div>\n\n\n\n<div class=\"wp-block-uagb-container uagb-block-58bc8707\">\n<div class=\"wp-block-uagb-advanced-heading uagb-block-e04e4fd5\"><h3 class=\"uagb-heading-text\">Self-Employed<\/h3><p class=\"uagb-desc-text\">Oferujemy pomoc w rozliczeniach dla os\u00f3b samozatrudnionych, dbaj\u0105c o zgodno\u015b\u0107 z obowi\u0105zuj\u0105cymi przepisami.<\/p><\/div>\n<\/div>\n\n\n\n<div class=\"wp-block-uagb-container uagb-block-b2d5130a\">\n<div class=\"wp-block-uagb-advanced-heading uagb-block-a27a4247\"><h3 class=\"uagb-heading-text\">Payroll<\/h3><p class=\"uagb-desc-text\">Zajmujemy si\u0119 kompleksowym zarz\u0105dzaniem listami p\u0142ac, zapewniaj\u0105c terminowe i zgodne z przepisami wyp\u0142aty dla pracownik\u00f3w.<\/p><\/div>\n<\/div>\n\n\n\n<div class=\"wp-block-uagb-container uagb-block-18dc36d7\">\n<div class=\"wp-block-uagb-advanced-heading uagb-block-24d41c39\"><h3 class=\"uagb-heading-text\">VAT Rozliczenia<\/h3><p class=\"uagb-desc-text\">Prowadzimy pe\u0142n\u0105 obs\u0142ug\u0119 rozlicze\u0144 VAT dla firm, zapewniaj\u0105c zgodno\u015b\u0107 z przepisami HMRC i optymalizacj\u0119 podatkow\u0105.<\/p><\/div>\n<\/div>\n\n\n\n<div class=\"wp-block-uagb-container uagb-block-f1492ff4\">\n<div class=\"wp-block-uagb-advanced-heading uagb-block-6bcb7c3d\"><h3 class=\"uagb-heading-text\">CIS Obs\u0142uga<\/h3><p class=\"uagb-desc-text\">Zarz\u0105dzamy obs\u0142ug\u0105 CIS, dbaj\u0105c o prawid\u0142owe odprowadzenie podatk\u00f3w dla bran\u017cy budowlanej oraz zgodno\u015b\u0107 z przepisami.<\/p><\/div>\n<\/div>\n\n\n\n<div class=\"wp-block-uagb-container uagb-block-74d0b848\">\n<div class=\"wp-block-uagb-advanced-heading uagb-block-96429b08\"><h3 class=\"uagb-heading-text\">Konsultacje Online<\/h3><p class=\"uagb-desc-text\">Oferujemy zdalne konsultacje ksi\u0119gowe, aby dostarczy\u0107 fachowe wsparcie finansowe w wygodny spos\u00f3b, niezale\u017cnie od lokalizacji klienta.<\/p><\/div>\n<\/div>\n<\/div>\n<\/div><\/div>\n\n\n\n<div class=\"wp-block-uagb-container uagb-block-35937d88 alignfull uagb-is-root-container\"><div class=\"uagb-container-inner-blocks-wrap\">\n<div class=\"wp-block-uagb-info-box uagb-block-710ed4f3 uagb-infobox__content-wrap  uagb-infobox-icon-above-title uagb-infobox-image-valign-top\"><div class=\"uagb-ifb-content\"><div class=\"uagb-ifb-title-wrap\"><h2 class=\"uagb-ifb-title\">Nie czekaj, skontaktuj si\u0119 z nami ju\u017c dzi\u015b!<\/h2><\/div><p class=\"uagb-ifb-desc\">Zyskaj pe\u0142ne wsparcie ksi\u0119gowe, kt\u00f3re pomo\u017ce Twojemu biznesowi prosperowa\u0107 w Wielkiej Brytanii. Jeste\u015bmy tutaj, aby pom\u00f3c!<\/p><div class=\"uagb-ifb-button-wrapper wp-block-button\"><a href=\"\/szablon13\/contact\/\" class=\"uagb-infobox-cta-link wp-block-button__link\" target=\"_self\" rel=\"noopener noreferrer\"><span class=\"uagb-inline-editing\">Skontaktuj si\u0119 z nami<\/span><\/a><\/div><\/div><\/div>\n<\/div><\/div>\n","protected":false},"excerpt":{"rendered":"<p>Kompleksowa obs\u0142uga ksi\u0119gowa dla firm Nasze kluczowe us\u0142ugi ksi\u0119gowe Oferujemy profesjonalne us\u0142ugi ksi\u0119gowe dla polskich przedsi\u0119biorc\u00f3w w UK, wspieraj\u0105c rozw\u00f3j [&hellip;]<\/p>\n","protected":false},"author":1,"featured_media":0,"parent":0,"menu_order":0,"comment_status":"closed","ping_status":"closed","template":"","meta":{"_uag_custom_page_level_css":"","site-sidebar-layout":"default","site-content-layout":"","ast-site-content-layout":"default","site-content-style":"default","site-sidebar-style":"default","ast-global-header-display":"","ast-banner-title-visibility":"","ast-main-header-display":"","ast-hfb-above-header-display":"","ast-hfb-below-header-display":"","ast-hfb-mobile-header-display":"","site-post-title":"disabled","ast-breadcrumbs-content":"","ast-featured-img":"","footer-sml-layout":"","ast-disable-related-posts":"","theme-transparent-header-meta":"enabled","adv-header-id-meta":"","stick-header-meta":"","header-above-stick-meta":"","header-main-stick-meta":"","header-below-stick-meta":"","astra-migrate-meta-layouts":"default","ast-page-background-enabled":"default","ast-page-background-meta":{"desktop":{"background-color":"var(--ast-global-color-5)","background-image":"","background-repeat":"repeat","background-position":"center center","background-size":"auto","background-attachment":"scroll","background-type":"","background-media":"","overlay-type":"","overlay-color":"","overlay-opacity":"","overlay-gradient":""},"tablet":{"background-color":"","background-image":"","background-repeat":"repeat","background-position":"center center","background-size":"auto","background-attachment":"scroll","background-type":"","background-media":"","overlay-type":"","overlay-color":"","overlay-opacity":"","overlay-gradient":""},"mobile":{"background-color":"","background-image":"","background-repeat":"repeat","background-position":"center center","background-size":"auto","background-attachment":"scroll","background-type":"","background-media":"","overlay-type":"","overlay-color":"","overlay-opacity":"","overlay-gradient":""}},"ast-content-background-meta":{"desktop":{"background-color":"var(--ast-global-color-4)","background-image":"","background-repeat":"repeat","background-position":"center center","background-size":"auto","background-attachment":"scroll","background-type":"","background-media":"","overlay-type":"","overlay-color":"","overlay-opacity":"","overlay-gradient":""},"tablet":{"background-color":"var(--ast-global-color-4)","background-image":"","background-repeat":"repeat","background-position":"center center","background-size":"auto","background-attachment":"scroll","background-type":"","background-media":"","overlay-type":"","overlay-color":"","overlay-opacity":"","overlay-gradient":""},"mobile":{"background-color":"var(--ast-global-color-4)","background-image":"","background-repeat":"repeat","background-position":"center center","background-size":"auto","background-attachment":"scroll","background-type":"","background-media":"","overlay-type":"","overlay-color":"","overlay-opacity":"","overlay-gradient":""}},"footnotes":""},"class_list":["post-25","page","type-page","status-publish","hentry"],"uagb_featured_image_src":{"full":false,"thumbnail":false,"medium":false,"medium_large":false,"large":false,"1536x1536":false,"2048x2048":false},"uagb_author_info":{"display_name":"maciej.doman","author_link":"https:\/\/szablony.maciejdoman.net\/szablon13\/author\/maciej-doman\/"},"uagb_comment_info":0,"uagb_excerpt":"Kompleksowa obs\u0142uga ksi\u0119gowa dla firm Nasze kluczowe us\u0142ugi ksi\u0119gowe Oferujemy profesjonalne us\u0142ugi ksi\u0119gowe dla polskich przedsi\u0119biorc\u00f3w w UK, wspieraj\u0105c rozw\u00f3j [&hellip;]","_links":{"self":[{"href":"https:\/\/szablony.maciejdoman.net\/szablon13\/wp-json\/wp\/v2\/pages\/25","targetHints":{"allow":["GET"]}}],"collection":[{"href":"https:\/\/szablony.maciejdoman.net\/szablon13\/wp-json\/wp\/v2\/pages"}],"about":[{"href":"https:\/\/szablony.maciejdoman.net\/szablon13\/wp-json\/wp\/v2\/types\/page"}],"author":[{"embeddable":true,"href":"https:\/\/szablony.maciejdoman.net\/szablon13\/wp-json\/wp\/v2\/users\/1"}],"replies":[{"embeddable":true,"href":"https:\/\/szablony.maciejdoman.net\/szablon13\/wp-json\/wp\/v2\/comments?post=25"}],"version-history":[{"count":0,"href":"https:\/\/szablony.maciejdoman.net\/szablon13\/wp-json\/wp\/v2\/pages\/25\/revisions"}],"wp:attachment":[{"href":"https:\/\/szablony.maciejdoman.net\/szablon13\/wp-json\/wp\/v2\/media?parent=25"}],"curies":[{"name":"wp","href":"https:\/\/api.w.org\/{rel}","templated":true}]}}