{"id":24,"date":"2026-01-03T22:40:48","date_gmt":"2026-01-03T22:40:48","guid":{"rendered":"https:\/\/warden-wagnon-3i6.zipwp.link\/?page_id=24"},"modified":"2026-01-03T22:40:48","modified_gmt":"2026-01-03T22:40:48","slug":"about","status":"publish","type":"page","link":"https:\/\/szablony.maciejdoman.net\/szablon13\/about\/","title":{"rendered":"About"},"content":{"rendered":"\n<div class=\"wp-block-uagb-container uagb-block-002b066a alignfull uagb-is-root-container\"><div class=\"uagb-container-inner-blocks-wrap\">\n<div class=\"wp-block-uagb-advanced-heading uagb-block-ea598fb2\"><h1 class=\"uagb-heading-text\">Ksi\u0119gowo\u015b\u0107 dla polskich firm w UK<\/h1><\/div>\n<\/div><\/div>\n\n\n\n<div class=\"wp-block-uagb-container uagb-layout-grid uagb-block-2fc93861 alignfull uagb-is-root-container\"><div class=\"uagb-container-inner-blocks-wrap\">\n<div class=\"wp-block-uagb-container uagb-block-39b7662b\">\n<div class=\"wp-block-uagb-advanced-heading uagb-block-9979b694\"><h2 class=\"uagb-heading-text\">Domel &#8211; Zaufane biuro ksi\u0119gowe w Wielkiej Brytanii<\/h2><p class=\"uagb-desc-text\">Domel pom\u00f3g\u0142 ponad 1000 klientom w efektywnym zarz\u0105dzaniu finansami oraz zgodno\u015bci z przepisami HMRC, osi\u0105gaj\u0105c 4.8 oceny wsp\u00f3\u0142pracy.<\/p><\/div>\n\n\n\n<div class=\"wp-block-uagb-container uagb-block-6bfbbd05\">\n<div class=\"wp-block-uagb-advanced-heading uagb-block-cf99ba13\"><h3 class=\"uagb-heading-text\">Nasza wizja<\/h3><p class=\"uagb-desc-text\">D\u0105\u017cymy do bycia wiod\u0105cym biurem ksi\u0119gowym dla polskich firm w UK, eliminuj\u0105c bariery j\u0119zykowe i uproszczaj\u0105c procesy finansowe.<\/p><\/div>\n\n\n\n<div class=\"wp-block-uagb-advanced-heading uagb-block-e46667cf\"><h3 class=\"uagb-heading-text\">Nasza misja<\/h3><p class=\"uagb-desc-text\">Nasz\u0105 misj\u0105 jest wspieranie polskich przedsi\u0119biorc\u00f3w w UK w zarz\u0105dzaniu ich finansami w spos\u00f3b rzetelny i przejrzysty.<\/p><\/div>\n<\/div>\n<\/div>\n\n\n\n<div class=\"wp-block-uagb-image uagb-block-bbbd4e1c wp-block-uagb-image--layout-default wp-block-uagb-image--effect-static wp-block-uagb-image--align-none\"><figure class=\"wp-block-uagb-image__figure\"><img decoding=\"async\" src=\"https:\/\/szablony.maciejdoman.net\/szablon13\/wp-content\/uploads\/sites\/17\/2026\/01\/man-office-businessman-accounting-6874914.jpg\" alt=\"man, office, businessman, accounting, working, marketing, ceo, manager, accounting, ceo, ceo, ceo, ceo, ceo, manager, manager\" class=\"uag-image-297\" width=\"600\" height=\"450\" title=\"embark\" loading=\"lazy\" role=\"img\" \/><\/figure><\/div>\n<\/div><\/div>\n\n\n\n<div class=\"wp-block-uagb-container uagb-block-974c2749 alignfull uagb-is-root-container\"><div class=\"uagb-container-inner-blocks-wrap\">\n<div class=\"wp-block-uagb-advanced-heading uagb-block-82cfac32\"><h2 class=\"uagb-heading-text\">Warto\u015bci podstawowe<\/h2><p class=\"uagb-desc-text\">Nasze warto\u015bci kieruj\u0105 nami w codziennej pracy i relacjach z klientami.<\/p><\/div>\n\n\n\n<div class=\"wp-block-uagb-container uagb-layout-grid uagb-block-a38eaf29\">\n<div class=\"wp-block-uagb-container uagb-block-46cec337\">\n<div class=\"wp-block-uagb-info-box uagb-block-7616c8e4 uagb-infobox__content-wrap  uagb-infobox-icon-above-title uagb-infobox-image-valign-top\"><div class=\"uagb-ifb-content\"><div class=\"uagb-ifb-title-wrap\"><p class=\"uagb-ifb-title-prefix\">01<\/p><h3 class=\"uagb-ifb-title\">Zaufanie<\/h3><\/div><p class=\"uagb-ifb-desc\">Budujemy d\u0142ugoterminowe relacje oparte na zaufaniu.<\/p><div class=\"uagb-ifb-separator\"><\/div><\/div><\/div>\n\n\n\n<div class=\"wp-block-uagb-info-box uagb-block-4cd0df93 uagb-infobox__content-wrap  uagb-infobox-icon-above-title uagb-infobox-image-valign-top\"><div class=\"uagb-ifb-content\"><div class=\"uagb-ifb-title-wrap\"><p class=\"uagb-ifb-title-prefix\">02<\/p><h3 class=\"uagb-ifb-title\">Transparentno\u015b\u0107<\/h3><\/div><p class=\"uagb-ifb-desc\">Gwarantujemy pe\u0142n\u0105 przejrzysto\u015b\u0107 w naszych dzia\u0142aniach.<\/p><\/div><\/div>\n<\/div>\n\n\n\n<div class=\"wp-block-uagb-image uagb-block-f8c93e82 wp-block-uagb-image--layout-default wp-block-uagb-image--effect-static wp-block-uagb-image--align-none\"><figure class=\"wp-block-uagb-image__figure\"><img decoding=\"async\" src=\"https:\/\/szablony.maciejdoman.net\/szablon13\/wp-content\/uploads\/sites\/17\/2026\/01\/working-woman-in-white-long-sleeve-shirt-3783879.jpeg\" alt=\"Focused woman working in a modern office filled with files and equipment.\" class=\"uag-image-296\" width=\"385\" height=\"450\" title=\"our-values\" loading=\"lazy\" role=\"img\" \/><\/figure><\/div>\n\n\n\n<div class=\"wp-block-uagb-container uagb-block-69978b0b\">\n<div class=\"wp-block-uagb-info-box uagb-block-110f5eaa uagb-infobox__content-wrap  uagb-infobox-icon-above-title uagb-infobox-image-valign-top\"><div class=\"uagb-ifb-content\"><div class=\"uagb-ifb-title-wrap\"><p class=\"uagb-ifb-title-prefix\">03<\/p><h3 class=\"uagb-ifb-title\">Profesjonalizm<\/h3><\/div><p class=\"uagb-ifb-desc\">Zapewniamy wyspecjalizowan\u0105 obs\u0142ug\u0119 w ka\u017cdym aspekcie.<\/p><div class=\"uagb-ifb-separator\"><\/div><\/div><\/div>\n\n\n\n<div class=\"wp-block-uagb-info-box uagb-block-7178a2dd uagb-infobox__content-wrap  uagb-infobox-icon-above-title uagb-infobox-image-valign-top\"><div class=\"uagb-ifb-content\"><div class=\"uagb-ifb-title-wrap\"><p class=\"uagb-ifb-title-prefix\">04<\/p><h3 class=\"uagb-ifb-title\">Wsparcie<\/h3><\/div><p class=\"uagb-ifb-desc\">Jeste\u015bmy zawsze dost\u0119pni, by pomaga\u0107 naszym klientom.<\/p><\/div><\/div>\n<\/div>\n<\/div>\n<\/div><\/div>\n\n\n\n<div class=\"wp-block-uagb-container uagb-block-35937d88 alignfull uagb-is-root-container\"><div class=\"uagb-container-inner-blocks-wrap\">\n<div class=\"wp-block-uagb-info-box uagb-block-710ed4f3 uagb-infobox__content-wrap  uagb-infobox-icon-above-title uagb-infobox-image-valign-top\"><div class=\"uagb-ifb-content\"><div class=\"uagb-ifb-title-wrap\"><h2 class=\"uagb-ifb-title\">Nie czekaj, skontaktuj si\u0119 z nami ju\u017c dzi\u015b!<\/h2><\/div><p class=\"uagb-ifb-desc\">Zyskaj pe\u0142ne wsparcie ksi\u0119gowe, kt\u00f3re pomo\u017ce Twojemu biznesowi prosperowa\u0107 w Wielkiej Brytanii. Jeste\u015bmy tutaj, aby pom\u00f3c!<\/p><div class=\"uagb-ifb-button-wrapper wp-block-button\"><a href=\"\/szablon13\/contact\/\" class=\"uagb-infobox-cta-link wp-block-button__link\" target=\"_self\" rel=\"noopener noreferrer\"><span class=\"uagb-inline-editing\">Skontaktuj si\u0119 z nami<\/span><\/a><\/div><\/div><\/div>\n<\/div><\/div>\n","protected":false},"excerpt":{"rendered":"<p>Ksi\u0119gowo\u015b\u0107 dla polskich firm w UK Domel &#8211; Zaufane biuro ksi\u0119gowe w Wielkiej Brytanii Domel pom\u00f3g\u0142 ponad 1000 klientom w [&hellip;]<\/p>\n","protected":false},"author":1,"featured_media":0,"parent":0,"menu_order":0,"comment_status":"closed","ping_status":"closed","template":"","meta":{"_uag_custom_page_level_css":"","site-sidebar-layout":"default","site-content-layout":"","ast-site-content-layout":"default","site-content-style":"default","site-sidebar-style":"default","ast-global-header-display":"","ast-banner-title-visibility":"","ast-main-header-display":"","ast-hfb-above-header-display":"","ast-hfb-below-header-display":"","ast-hfb-mobile-header-display":"","site-post-title":"disabled","ast-breadcrumbs-content":"","ast-featured-img":"","footer-sml-layout":"","ast-disable-related-posts":"","theme-transparent-header-meta":"enabled","adv-header-id-meta":"","stick-header-meta":"","header-above-stick-meta":"","header-main-stick-meta":"","header-below-stick-meta":"","astra-migrate-meta-layouts":"default","ast-page-background-enabled":"default","ast-page-background-meta":{"desktop":{"background-color":"var(--ast-global-color-5)","background-image":"","background-repeat":"repeat","background-position":"center center","background-size":"auto","background-attachment":"scroll","background-type":"","background-media":"","overlay-type":"","overlay-color":"","overlay-opacity":"","overlay-gradient":""},"tablet":{"background-color":"","background-image":"","background-repeat":"repeat","background-position":"center center","background-size":"auto","background-attachment":"scroll","background-type":"","background-media":"","overlay-type":"","overlay-color":"","overlay-opacity":"","overlay-gradient":""},"mobile":{"background-color":"","background-image":"","background-repeat":"repeat","background-position":"center center","background-size":"auto","background-attachment":"scroll","background-type":"","background-media":"","overlay-type":"","overlay-color":"","overlay-opacity":"","overlay-gradient":""}},"ast-content-background-meta":{"desktop":{"background-color":"var(--ast-global-color-4)","background-image":"","background-repeat":"repeat","background-position":"center center","background-size":"auto","background-attachment":"scroll","background-type":"","background-media":"","overlay-type":"","overlay-color":"","overlay-opacity":"","overlay-gradient":""},"tablet":{"background-color":"var(--ast-global-color-4)","background-image":"","background-repeat":"repeat","background-position":"center center","background-size":"auto","background-attachment":"scroll","background-type":"","background-media":"","overlay-type":"","overlay-color":"","overlay-opacity":"","overlay-gradient":""},"mobile":{"background-color":"var(--ast-global-color-4)","background-image":"","background-repeat":"repeat","background-position":"center center","background-size":"auto","background-attachment":"scroll","background-type":"","background-media":"","overlay-type":"","overlay-color":"","overlay-opacity":"","overlay-gradient":""}},"footnotes":""},"class_list":["post-24","page","type-page","status-publish","hentry"],"uagb_featured_image_src":{"full":false,"thumbnail":false,"medium":false,"medium_large":false,"large":false,"1536x1536":false,"2048x2048":false},"uagb_author_info":{"display_name":"maciej.doman","author_link":"https:\/\/szablony.maciejdoman.net\/szablon13\/author\/maciej-doman\/"},"uagb_comment_info":0,"uagb_excerpt":"Ksi\u0119gowo\u015b\u0107 dla polskich firm w UK Domel &#8211; Zaufane biuro ksi\u0119gowe w Wielkiej Brytanii Domel pom\u00f3g\u0142 ponad 1000 klientom w [&hellip;]","_links":{"self":[{"href":"https:\/\/szablony.maciejdoman.net\/szablon13\/wp-json\/wp\/v2\/pages\/24","targetHints":{"allow":["GET"]}}],"collection":[{"href":"https:\/\/szablony.maciejdoman.net\/szablon13\/wp-json\/wp\/v2\/pages"}],"about":[{"href":"https:\/\/szablony.maciejdoman.net\/szablon13\/wp-json\/wp\/v2\/types\/page"}],"author":[{"embeddable":true,"href":"https:\/\/szablony.maciejdoman.net\/szablon13\/wp-json\/wp\/v2\/users\/1"}],"replies":[{"embeddable":true,"href":"https:\/\/szablony.maciejdoman.net\/szablon13\/wp-json\/wp\/v2\/comments?post=24"}],"version-history":[{"count":0,"href":"https:\/\/szablony.maciejdoman.net\/szablon13\/wp-json\/wp\/v2\/pages\/24\/revisions"}],"wp:attachment":[{"href":"https:\/\/szablony.maciejdoman.net\/szablon13\/wp-json\/wp\/v2\/media?parent=24"}],"curies":[{"name":"wp","href":"https:\/\/api.w.org\/{rel}","templated":true}]}}