{"id":40,"date":"2026-01-03T22:44:51","date_gmt":"2026-01-03T22:44:51","guid":{"rendered":"https:\/\/punny-perot-0l8q.zipwp.site\/?page_id=40"},"modified":"2026-01-03T22:44:51","modified_gmt":"2026-01-03T22:44:51","slug":"contact","status":"publish","type":"page","link":"https:\/\/szablony.maciejdoman.net\/szablon12\/contact\/","title":{"rendered":"Contact"},"content":{"rendered":"\n<div class=\"wp-block-uagb-container uagb-layout-grid uagb-block-4762f4b2 alignfull uagb-is-root-container\"><div class=\"uagb-container-inner-blocks-wrap\">\n<div class=\"wp-block-uagb-image alignleft uagb-block-f53e923c wp-block-uagb-image--layout-default wp-block-uagb-image--effect-static wp-block-uagb-image--align-left\"><figure class=\"wp-block-uagb-image__figure\"><img decoding=\"async\" src=\"https:\/\/szablony.maciejdoman.net\/szablon12\/wp-content\/uploads\/sites\/16\/2026\/01\/working-woman-in-white-long-sleeve-shirt-3783879.jpeg\" alt=\"Focused woman working in a modern office filled with files and equipment.\" class=\"uag-image-294\" width=\"600\" height=\"500\" title=\"contact-hero\" loading=\"lazy\" role=\"img\" \/><\/figure><\/div>\n\n\n\n<div class=\"wp-block-uagb-advanced-heading uagb-block-e982e89f\"><p class=\"uagb-desc-text\">Skontaktuj si\u0119<\/p><h1 class=\"uagb-heading-text\">Zadzwo\u0144 lub napisz do naszego zespo\u0142u<\/h1><\/div>\n<\/div><\/div>\n\n\n\n<div class=\"wp-block-uagb-container uagb-block-b111921c alignfull uagb-is-root-container\"><div class=\"uagb-container-inner-blocks-wrap\">\n<div class=\"wp-block-uagb-advanced-heading uagb-block-9ef64f59\"><p class=\"uagb-desc-text\">Masz pytania?<\/p><h2 class=\"uagb-heading-text\">Skontaktuj si\u0119 z nami i uzyskaj pomoc<\/h2><\/div>\n\n\n\n<div class=\"wp-block-uagb-container uagb-block-f6275236\">\n<div class=\"wp-block-uagb-container uagb-block-9700d9f0\">\n<div class=\"wp-block-uagb-advanced-heading uagb-block-8ed60f39\"><p class=\"uagb-desc-text\">Telefon<\/p><h3 class=\"uagb-heading-text\">079 000000<\/h3><\/div>\n<\/div>\n\n\n\n<div class=\"wp-block-uagb-container uagb-block-f754c0f4\">\n<div class=\"wp-block-uagb-advanced-heading uagb-block-8adbf773\"><p class=\"uagb-desc-text\">Adres<\/p><h3 class=\"uagb-heading-text\">3 Radosna Street<\/h3><\/div>\n<\/div>\n\n\n\n<div class=\"wp-block-uagb-container uagb-block-0374ebbf\">\n<div class=\"wp-block-uagb-advanced-heading uagb-block-cd68c7de\"><p class=\"uagb-desc-text\">Email<\/p><h3 class=\"uagb-heading-text\">4domel@wp.pl<\/h3><\/div>\n<\/div>\n\n\n\n<div class=\"wp-block-uagb-container uagb-block-7d76a315\">\n<div class=\"wp-block-uagb-advanced-heading uagb-block-356dc240\"><p class=\"uagb-desc-text\">Media spo\u0142eczno\u015bciowe<\/p><\/div>\n\n\n\n<div class=\"wp-block-uagb-icon-list uagb-block-27cb2f14\"><div class=\"uagb-icon-list__wrap\">\n<div class=\"wp-block-uagb-icon-list-child uagb-block-fd15eccd\"><a target=\"_blank\" aria-label=\"List item\" rel=\"noopener noreferrer\" href=\"\/szablon12\/\"> <\/a><span class=\"uagb-icon-list__source-wrap\"><\/span><\/div>\n\n\n\n<div class=\"wp-block-uagb-icon-list-child uagb-block-9fb35515\"><a target=\"_blank\" aria-label=\"List item\" rel=\"noopener noreferrer\" href=\"\/szablon12\/\"> <\/a><span class=\"uagb-icon-list__source-wrap\"><\/span><\/div>\n\n\n\n<div class=\"wp-block-uagb-icon-list-child uagb-block-d1934bf2\"><a target=\"_blank\" aria-label=\"List item\" rel=\"noopener noreferrer\" href=\"\/szablon12\/\"> <\/a><span class=\"uagb-icon-list__source-wrap\"><\/span><\/div>\n\n\n\n<div class=\"wp-block-uagb-icon-list-child uagb-block-c601cc54\"><a target=\"_blank\" aria-label=\"List item\" rel=\"noopener noreferrer\" href=\"\/szablon12\/\"> <\/a><span class=\"uagb-icon-list__source-wrap\"><\/span><\/div>\n\n\n\n<div class=\"wp-block-uagb-icon-list-child uagb-block-ddbda12f\"><a target=\"_blank\" aria-label=\"List item\" rel=\"noopener noreferrer\" href=\"\/szablon12\/\"> <\/a><span class=\"uagb-icon-list__source-wrap\"><\/span><\/div>\n<\/div><\/div>\n<\/div>\n<\/div>\n<\/div><\/div>\n\n\n\n<div class=\"wp-block-uagb-container uagb-layout-grid uagb-block-3f6f7ebb alignfull uagb-is-root-container\"><div class=\"uagb-container-inner-blocks-wrap\">\n<div class=\"wp-block-uagb-info-box uagb-block-3bc7d3b9 uagb-infobox__content-wrap  uagb-infobox-icon-above-title uagb-infobox-image-valign-top wp-block-uagb-info-box--has-margin\"><div class=\"uagb-infobox-margin-wrapper\"><div class=\"uagb-ifb-content\"><div class=\"uagb-ifb-title-wrap\"><span class=\"uagb-ifb-title-prefix\">Formularz kontaktowy<\/span><h2 class=\"uagb-ifb-title\">Wype\u0142nij formularz, aby skontaktowa\u0107 si\u0119 z nami \u0142atwo i szybko<\/h2><\/div><p class=\"uagb-ifb-desc\">Czekamy na Twoj\u0105 wiadomo\u015b\u0107. Odpowiemy najszybciej jak to mo\u017cliwe, aby pom\u00f3c w Twoich potrzebach ksi\u0119gowych.<\/p><\/div><\/div><\/div>\n\n\n<p>[sureforms id=&#8217;285&#8242;]<\/p>\n<\/div><\/div>\n\n\n\n<div class=\"wp-block-uagb-container uagb-layout-grid uagb-block-c9588d80 alignfull uagb-is-root-container\"><div class=\"uagb-container-inner-blocks-wrap\">\n<div class=\"wp-block-uagb-info-box uagb-block-1ba1e529 uagb-infobox__content-wrap  uagb-infobox-icon-above-title uagb-infobox-image-valign-top\"><div class=\"uagb-ifb-content\"><div class=\"uagb-ifb-title-wrap\"><span class=\"uagb-ifb-title-prefix\">Skontaktuj si\u0119 z nami<\/span><h2 class=\"uagb-ifb-title\">Zacznij dzia\u0142a\u0107 z nami ju\u017c dzi\u015b!<\/h2><\/div><p class=\"uagb-ifb-desc\">Domel to ekspert w zakresie ksi\u0119gowo\u015bci dla polskich firm w UK, z ponad 10-letnim do\u015bwiadczeniem i setkami zadowolonych klient\u00f3w.<\/p><div class=\"uagb-ifb-button-wrapper wp-block-button\"><a href=\"\/contact\/\" class=\"uagb-infobox-cta-link wp-block-button__link\" target=\"_self\" rel=\"noopener noreferrer\" onclick=\"return true;\"><span class=\"uagb-inline-editing\">Skontaktuj si\u0119 z nami<\/span><\/a><\/div><\/div><\/div>\n\n\n\n<div class=\"wp-block-uagb-image alignright uagb-block-f77e26e1 wp-block-uagb-image--layout-default wp-block-uagb-image--effect-static wp-block-uagb-image--align-right\"><figure class=\"wp-block-uagb-image__figure\"><img decoding=\"async\" srcset=\"https:\/\/szablony.maciejdoman.net\/szablon12\/wp-content\/uploads\/sites\/16\/2026\/01\/accounting-audit-construction-woman-7222737.jpg ,https:\/\/szablony.maciejdoman.net\/szablon12\/wp-content\/uploads\/sites\/16\/2026\/01\/accounting-audit-construction-woman-7222737.jpg 780w, https:\/\/szablony.maciejdoman.net\/szablon12\/wp-content\/uploads\/sites\/16\/2026\/01\/accounting-audit-construction-woman-7222737.jpg 360w\" sizes=\"auto, (max-width: 480px) 150px\" src=\"https:\/\/szablony.maciejdoman.net\/szablon12\/wp-content\/uploads\/sites\/16\/2026\/01\/accounting-audit-construction-woman-7222737.jpg\" alt=\"accounting, audit, construction, woman, beauty\" class=\"uag-image-300\" width=\"560\" height=\"480\" title=\"footer-cta\" loading=\"lazy\" role=\"img\"\/><\/figure><\/div>\n<\/div><\/div>\n","protected":false},"excerpt":{"rendered":"<p>Skontaktuj si\u0119 Zadzwo\u0144 lub napisz do naszego zespo\u0142u Masz pytania? Skontaktuj si\u0119 z nami i uzyskaj pomoc Telefon 079 000000 [&hellip;]<\/p>\n","protected":false},"author":1,"featured_media":0,"parent":0,"menu_order":0,"comment_status":"closed","ping_status":"closed","template":"","meta":{"_uag_custom_page_level_css":"","site-sidebar-layout":"default","site-content-layout":"","ast-site-content-layout":"default","site-content-style":"default","site-sidebar-style":"default","ast-global-header-display":"","ast-banner-title-visibility":"","ast-main-header-display":"","ast-hfb-above-header-display":"","ast-hfb-below-header-display":"","ast-hfb-mobile-header-display":"","site-post-title":"disabled","ast-breadcrumbs-content":"","ast-featured-img":"","footer-sml-layout":"","ast-disable-related-posts":"","theme-transparent-header-meta":"","adv-header-id-meta":"","stick-header-meta":"","header-above-stick-meta":"","header-main-stick-meta":"","header-below-stick-meta":"","astra-migrate-meta-layouts":"default","ast-page-background-enabled":"default","ast-page-background-meta":{"desktop":{"background-color":"var(--ast-global-color-5)","background-image":"","background-repeat":"repeat","background-position":"center center","background-size":"auto","background-attachment":"scroll","background-type":"","background-media":"","overlay-type":"","overlay-color":"","overlay-opacity":"","overlay-gradient":""},"tablet":{"background-color":"","background-image":"","background-repeat":"repeat","background-position":"center center","background-size":"auto","background-attachment":"scroll","background-type":"","background-media":"","overlay-type":"","overlay-color":"","overlay-opacity":"","overlay-gradient":""},"mobile":{"background-color":"","background-image":"","background-repeat":"repeat","background-position":"center center","background-size":"auto","background-attachment":"scroll","background-type":"","background-media":"","overlay-type":"","overlay-color":"","overlay-opacity":"","overlay-gradient":""}},"ast-content-background-meta":{"desktop":{"background-color":"var(--ast-global-color-4)","background-image":"","background-repeat":"repeat","background-position":"center center","background-size":"auto","background-attachment":"scroll","background-type":"","background-media":"","overlay-type":"","overlay-color":"","overlay-opacity":"","overlay-gradient":""},"tablet":{"background-color":"var(--ast-global-color-4)","background-image":"","background-repeat":"repeat","background-position":"center center","background-size":"auto","background-attachment":"scroll","background-type":"","background-media":"","overlay-type":"","overlay-color":"","overlay-opacity":"","overlay-gradient":""},"mobile":{"background-color":"var(--ast-global-color-4)","background-image":"","background-repeat":"repeat","background-position":"center center","background-size":"auto","background-attachment":"scroll","background-type":"","background-media":"","overlay-type":"","overlay-color":"","overlay-opacity":"","overlay-gradient":""}},"footnotes":""},"class_list":["post-40","page","type-page","status-publish","hentry"],"uagb_featured_image_src":{"full":false,"thumbnail":false,"medium":false,"medium_large":false,"large":false,"1536x1536":false,"2048x2048":false},"uagb_author_info":{"display_name":"maciej.doman","author_link":"https:\/\/szablony.maciejdoman.net\/szablon12\/author\/maciej-doman\/"},"uagb_comment_info":0,"uagb_excerpt":"Skontaktuj si\u0119 Zadzwo\u0144 lub napisz do naszego zespo\u0142u Masz pytania? Skontaktuj si\u0119 z nami i uzyskaj pomoc Telefon 079 000000 [&hellip;]","_links":{"self":[{"href":"https:\/\/szablony.maciejdoman.net\/szablon12\/wp-json\/wp\/v2\/pages\/40","targetHints":{"allow":["GET"]}}],"collection":[{"href":"https:\/\/szablony.maciejdoman.net\/szablon12\/wp-json\/wp\/v2\/pages"}],"about":[{"href":"https:\/\/szablony.maciejdoman.net\/szablon12\/wp-json\/wp\/v2\/types\/page"}],"author":[{"embeddable":true,"href":"https:\/\/szablony.maciejdoman.net\/szablon12\/wp-json\/wp\/v2\/users\/1"}],"replies":[{"embeddable":true,"href":"https:\/\/szablony.maciejdoman.net\/szablon12\/wp-json\/wp\/v2\/comments?post=40"}],"version-history":[{"count":0,"href":"https:\/\/szablony.maciejdoman.net\/szablon12\/wp-json\/wp\/v2\/pages\/40\/revisions"}],"wp:attachment":[{"href":"https:\/\/szablony.maciejdoman.net\/szablon12\/wp-json\/wp\/v2\/media?parent=40"}],"curies":[{"name":"wp","href":"https:\/\/api.w.org\/{rel}","templated":true}]}}