{"id":37,"date":"2026-01-03T22:44:51","date_gmt":"2026-01-03T22:44:51","guid":{"rendered":"https:\/\/punny-perot-0l8q.zipwp.site\/?page_id=37"},"modified":"2026-01-03T22:44:51","modified_gmt":"2026-01-03T22:44:51","slug":"about","status":"publish","type":"page","link":"https:\/\/szablony.maciejdoman.net\/szablon12\/about\/","title":{"rendered":"About"},"content":{"rendered":"\n<div class=\"wp-block-uagb-container uagb-layout-grid uagb-block-4762f4b2 alignfull uagb-is-root-container\"><div class=\"uagb-container-inner-blocks-wrap\">\n<div class=\"wp-block-uagb-image alignleft uagb-block-f53e923c wp-block-uagb-image--layout-default wp-block-uagb-image--effect-static wp-block-uagb-image--align-left\"><figure class=\"wp-block-uagb-image__figure\"><img decoding=\"async\" src=\"https:\/\/szablony.maciejdoman.net\/szablon12\/wp-content\/uploads\/sites\/16\/2026\/01\/person-holding-pencil-near-laptop-computer-5fnmwej4taa.jpeg\" alt=\"Brainstorming over paper\" class=\"uag-image-292\" width=\"600\" height=\"500\" title=\"about-hero\" loading=\"lazy\" role=\"img\" \/><\/figure><\/div>\n\n\n\n<div class=\"wp-block-uagb-advanced-heading uagb-block-e982e89f\"><p class=\"uagb-desc-text\">Kim jeste\u015bmy<\/p><h1 class=\"uagb-heading-text\">Nasza misja i warto\u015bci w Domel<\/h1><\/div>\n<\/div><\/div>\n\n\n\n<div class=\"wp-block-uagb-container uagb-block-c45201e0 alignfull uagb-is-root-container\"><div class=\"uagb-container-inner-blocks-wrap\">\n<div class=\"wp-block-uagb-container uagb-block-6eb312f9\">\n<div class=\"wp-block-uagb-advanced-heading uagb-block-e6924530\"><p class=\"uagb-desc-text\">Lata do\u015bwiadczenia<\/p><h2 class=\"uagb-heading-text\">20<\/h2><\/div>\n<\/div>\n\n\n\n<div class=\"wp-block-uagb-container uagb-block-c7366d7f\">\n<div class=\"wp-block-uagb-advanced-heading uagb-block-6a3da5b2\"><p class=\"uagb-desc-text\">Zadowoleni klienci<\/p><h2 class=\"uagb-heading-text\">15K<\/h2><\/div>\n<\/div>\n\n\n\n<div class=\"wp-block-uagb-container uagb-block-60b419fa\">\n<div class=\"wp-block-uagb-advanced-heading uagb-block-0d595ce2\"><p class=\"uagb-desc-text\">Zrealizowany projekt<\/p><h2 class=\"uagb-heading-text\">10K<\/h2><\/div>\n<\/div>\n\n\n\n<div class=\"wp-block-uagb-container uagb-block-0d867797\">\n<div class=\"wp-block-uagb-advanced-heading uagb-block-7287ab42\"><p class=\"uagb-desc-text\">Cz\u0142onek zespo\u0142u<\/p><h2 class=\"uagb-heading-text\">120<\/h2><\/div>\n<\/div>\n<\/div><\/div>\n\n\n\n<div class=\"wp-block-uagb-container uagb-block-0287720b alignfull uagb-is-root-container\"><div class=\"uagb-container-inner-blocks-wrap\">\n<div class=\"wp-block-uagb-container uagb-layout-grid uagb-block-9d217181\">\n<div class=\"wp-block-uagb-advanced-heading uagb-block-d45faac6\"><p class=\"uagb-desc-text\">O nas<\/p><h2 class=\"uagb-heading-text\">Profesjonalna obs\u0142uga ksi\u0119gowa dla Twojej firmy<\/h2><\/div>\n\n\n\n<div class=\"wp-block-uagb-advanced-heading uagb-block-2ec08a9c\"><p class=\"uagb-heading-text\">Domel to zaufany partner w \u015bwiecie ksi\u0119gowo\u015bci, kt\u00f3ry wspiera polskich przedsi\u0119biorc\u00f3w w UK. Dzi\u0119ki ponad 10-letniemu do\u015bwiadczeniu, zrealizowali\u015bmy ponad 1000 poprawnych rozlicze\u0144, a nasi klienci oceniaj\u0105 nas na 4.8 na 5. Oferujemy kompleksowe us\u0142ugi ksi\u0119gowe, kt\u00f3re pozwalaj\u0105 naszym klientom skupi\u0107 si\u0119 na rozwoju swojego biznesu.<\/p><\/div>\n<\/div>\n\n\n\n<div class=\"wp-block-uagb-container uagb-layout-grid uagb-block-ca7e195c\">\n<div class=\"wp-block-uagb-image alignleft uagb-block-378e984b wp-block-uagb-image--layout-default wp-block-uagb-image--effect-static wp-block-uagb-image--align-left\"><figure class=\"wp-block-uagb-image__figure\"><img decoding=\"async\" src=\"https:\/\/szablony.maciejdoman.net\/szablon12\/wp-content\/uploads\/sites\/16\/2026\/01\/person-holding-paper-near-pen-and-calculator-xou52juvuxa.jpeg\" alt=\"person-holding-paper-near-pen-and-calculator-xou52juvuxa\" class=\"uag-image-296\" width=\"560\" height=\"500\" title=\"who-we-are\" loading=\"lazy\" role=\"img\" \/><\/figure><\/div>\n\n\n\n<div class=\"wp-block-uagb-info-box uagb-block-dee07c3c uagb-infobox__content-wrap  uagb-infobox-icon-above-title uagb-infobox-image-valign-top\"><div class=\"uagb-ifb-content\"><div class=\"uagb-ifb-title-wrap\"><h3 class=\"uagb-ifb-title-prefix\">Zaufaj do\u015bwiadczonemu zespo\u0142owi, kt\u00f3ry wspiera polskie firmy w UK.<\/h3><p class=\"uagb-ifb-title\">Domel to biuro ksi\u0119gowe z siedzib\u0105 w Rugby, dedykowane polskim firmom w Wielkiej Brytanii. Oferujemy szerok\u0105 gam\u0119 us\u0142ug, w tym obs\u0142ug\u0119 sp\u00f3\u0142ek LTD, samozatrudnionych oraz kompleksowe doradztwo podatkowe. Naszym celem jest uproszczenie kwestii ksi\u0119gowych dla naszych klient\u00f3w i zapewnienie im pe\u0142nego przygotowania do dzia\u0142ania w zgodno\u015bci z przepisami HMRC.<\/p><\/div><p class=\"uagb-ifb-desc\">Zesp\u00f3\u0142 Domel posiada bogate do\u015bwiadczenie w obs\u0142udze ksi\u0119gowej. Jeste\u015bmy dost\u0119pni ka\u017cdego dnia roboczego i oferujemy wsparcie online, a nasza dzia\u0142alno\u015b\u0107 pozwala polskim przedsi\u0119biorcom na skoncentrowanie si\u0119 na ich g\u0142\u00f3wnym celu \u2013 rozwoju ich firm.<\/p><\/div><\/div>\n<\/div>\n<\/div><\/div>\n\n\n\n<div class=\"wp-block-uagb-container uagb-block-7f7ecb7c alignfull uagb-is-root-container\"><div class=\"uagb-container-inner-blocks-wrap\"><\/div><\/div>\n\n\n\n<div class=\"wp-block-uagb-container uagb-block-eda4b2eb alignfull uagb-is-root-container\"><div class=\"uagb-container-inner-blocks-wrap\">\n<div class=\"wp-block-uagb-info-box uagb-block-f3755fe6 uagb-infobox__content-wrap  uagb-infobox-icon-above-title uagb-infobox-image-valign-top\"><div class=\"uagb-ifb-content\"><div class=\"uagb-ifb-title-wrap\"><span class=\"uagb-ifb-title-prefix\">Nasza historia<\/span><h2 class=\"uagb-ifb-title\">Jak powsta\u0142 Domel i jego rozw\u00f3j<\/h2><\/div><p class=\"uagb-ifb-desc\">Domel zosta\u0142 za\u0142o\u017cony z my\u015bl\u0105 o polskich przedsi\u0119biorcach w UK, kt\u00f3rzy potrzebowali wsparcia w zakresie ksi\u0119gowo\u015bci. Z biegiem lat, dzi\u0119ki zaanga\u017cowaniu i profesjonalizmowi, zdobyli\u015bmy zaufanie setek klient\u00f3w. Nasza historia to pasmo sukces\u00f3w, kt\u00f3re potwierdza, \u017ce mo\u017cemy skutecznie wspiera\u0107 rozw\u00f3j polskich firm poprzez dostarczanie rzetelnych i zgodnych z prawem rozwi\u0105za\u0144 ksi\u0119gowych.<\/p><\/div><\/div>\n<\/div><\/div>\n\n\n\n<div class=\"wp-block-uagb-container uagb-layout-grid uagb-block-c9588d80 alignfull uagb-is-root-container\"><div class=\"uagb-container-inner-blocks-wrap\">\n<div class=\"wp-block-uagb-info-box uagb-block-1ba1e529 uagb-infobox__content-wrap  uagb-infobox-icon-above-title uagb-infobox-image-valign-top\"><div class=\"uagb-ifb-content\"><div class=\"uagb-ifb-title-wrap\"><span class=\"uagb-ifb-title-prefix\">Skontaktuj si\u0119 z nami<\/span><h2 class=\"uagb-ifb-title\">Zacznij dzia\u0142a\u0107 z nami ju\u017c dzi\u015b!<\/h2><\/div><p class=\"uagb-ifb-desc\">Domel to ekspert w zakresie ksi\u0119gowo\u015bci dla polskich firm w UK, z ponad 10-letnim do\u015bwiadczeniem i setkami zadowolonych klient\u00f3w.<\/p><div class=\"uagb-ifb-button-wrapper wp-block-button\"><a href=\"\/contact\/\" class=\"uagb-infobox-cta-link wp-block-button__link\" target=\"_self\" rel=\"noopener noreferrer\" onclick=\"return true;\"><span class=\"uagb-inline-editing\">Skontaktuj si\u0119 z nami<\/span><\/a><\/div><\/div><\/div>\n\n\n\n<div class=\"wp-block-uagb-image alignright uagb-block-f77e26e1 wp-block-uagb-image--layout-default wp-block-uagb-image--effect-static wp-block-uagb-image--align-right\"><figure class=\"wp-block-uagb-image__figure\"><img decoding=\"async\" srcset=\"https:\/\/szablony.maciejdoman.net\/szablon12\/wp-content\/uploads\/sites\/16\/2026\/01\/accounting-audit-construction-woman-7222737.jpg ,https:\/\/szablony.maciejdoman.net\/szablon12\/wp-content\/uploads\/sites\/16\/2026\/01\/accounting-audit-construction-woman-7222737.jpg 780w, https:\/\/szablony.maciejdoman.net\/szablon12\/wp-content\/uploads\/sites\/16\/2026\/01\/accounting-audit-construction-woman-7222737.jpg 360w\" sizes=\"auto, (max-width: 480px) 150px\" src=\"https:\/\/szablony.maciejdoman.net\/szablon12\/wp-content\/uploads\/sites\/16\/2026\/01\/accounting-audit-construction-woman-7222737.jpg\" alt=\"accounting, audit, construction, woman, beauty\" class=\"uag-image-300\" width=\"560\" height=\"480\" title=\"footer-cta\" loading=\"lazy\" role=\"img\"\/><\/figure><\/div>\n<\/div><\/div>\n","protected":false},"excerpt":{"rendered":"<p>Kim jeste\u015bmy Nasza misja i warto\u015bci w Domel Lata do\u015bwiadczenia 20 Zadowoleni klienci 15K Zrealizowany projekt 10K Cz\u0142onek zespo\u0142u 120 [&hellip;]<\/p>\n","protected":false},"author":1,"featured_media":0,"parent":0,"menu_order":0,"comment_status":"closed","ping_status":"closed","template":"","meta":{"_uag_custom_page_level_css":"","site-sidebar-layout":"default","site-content-layout":"","ast-site-content-layout":"default","site-content-style":"default","site-sidebar-style":"default","ast-global-header-display":"","ast-banner-title-visibility":"","ast-main-header-display":"","ast-hfb-above-header-display":"","ast-hfb-below-header-display":"","ast-hfb-mobile-header-display":"","site-post-title":"disabled","ast-breadcrumbs-content":"","ast-featured-img":"","footer-sml-layout":"","ast-disable-related-posts":"","theme-transparent-header-meta":"","adv-header-id-meta":"","stick-header-meta":"","header-above-stick-meta":"","header-main-stick-meta":"","header-below-stick-meta":"","astra-migrate-meta-layouts":"default","ast-page-background-enabled":"default","ast-page-background-meta":{"desktop":{"background-color":"var(--ast-global-color-5)","background-image":"","background-repeat":"repeat","background-position":"center center","background-size":"auto","background-attachment":"scroll","background-type":"","background-media":"","overlay-type":"","overlay-color":"","overlay-opacity":"","overlay-gradient":""},"tablet":{"background-color":"","background-image":"","background-repeat":"repeat","background-position":"center center","background-size":"auto","background-attachment":"scroll","background-type":"","background-media":"","overlay-type":"","overlay-color":"","overlay-opacity":"","overlay-gradient":""},"mobile":{"background-color":"","background-image":"","background-repeat":"repeat","background-position":"center center","background-size":"auto","background-attachment":"scroll","background-type":"","background-media":"","overlay-type":"","overlay-color":"","overlay-opacity":"","overlay-gradient":""}},"ast-content-background-meta":{"desktop":{"background-color":"var(--ast-global-color-4)","background-image":"","background-repeat":"repeat","background-position":"center center","background-size":"auto","background-attachment":"scroll","background-type":"","background-media":"","overlay-type":"","overlay-color":"","overlay-opacity":"","overlay-gradient":""},"tablet":{"background-color":"var(--ast-global-color-4)","background-image":"","background-repeat":"repeat","background-position":"center center","background-size":"auto","background-attachment":"scroll","background-type":"","background-media":"","overlay-type":"","overlay-color":"","overlay-opacity":"","overlay-gradient":""},"mobile":{"background-color":"var(--ast-global-color-4)","background-image":"","background-repeat":"repeat","background-position":"center center","background-size":"auto","background-attachment":"scroll","background-type":"","background-media":"","overlay-type":"","overlay-color":"","overlay-opacity":"","overlay-gradient":""}},"footnotes":""},"class_list":["post-37","page","type-page","status-publish","hentry"],"uagb_featured_image_src":{"full":false,"thumbnail":false,"medium":false,"medium_large":false,"large":false,"1536x1536":false,"2048x2048":false},"uagb_author_info":{"display_name":"maciej.doman","author_link":"https:\/\/szablony.maciejdoman.net\/szablon12\/author\/maciej-doman\/"},"uagb_comment_info":0,"uagb_excerpt":"Kim jeste\u015bmy Nasza misja i warto\u015bci w Domel Lata do\u015bwiadczenia 20 Zadowoleni klienci 15K Zrealizowany projekt 10K Cz\u0142onek zespo\u0142u 120 [&hellip;]","_links":{"self":[{"href":"https:\/\/szablony.maciejdoman.net\/szablon12\/wp-json\/wp\/v2\/pages\/37","targetHints":{"allow":["GET"]}}],"collection":[{"href":"https:\/\/szablony.maciejdoman.net\/szablon12\/wp-json\/wp\/v2\/pages"}],"about":[{"href":"https:\/\/szablony.maciejdoman.net\/szablon12\/wp-json\/wp\/v2\/types\/page"}],"author":[{"embeddable":true,"href":"https:\/\/szablony.maciejdoman.net\/szablon12\/wp-json\/wp\/v2\/users\/1"}],"replies":[{"embeddable":true,"href":"https:\/\/szablony.maciejdoman.net\/szablon12\/wp-json\/wp\/v2\/comments?post=37"}],"version-history":[{"count":0,"href":"https:\/\/szablony.maciejdoman.net\/szablon12\/wp-json\/wp\/v2\/pages\/37\/revisions"}],"wp:attachment":[{"href":"https:\/\/szablony.maciejdoman.net\/szablon12\/wp-json\/wp\/v2\/media?parent=37"}],"curies":[{"name":"wp","href":"https:\/\/api.w.org\/{rel}","templated":true}]}}