{"id":18,"date":"2026-01-03T22:52:27","date_gmt":"2026-01-03T22:52:27","guid":{"rendered":"https:\/\/pure-pomerleau-19xvs.zipwp.dev\/?page_id=18"},"modified":"2026-01-03T22:52:27","modified_gmt":"2026-01-03T22:52:27","slug":"services","status":"publish","type":"page","link":"https:\/\/szablony.maciejdoman.net\/szablon11\/services\/","title":{"rendered":"Services"},"content":{"rendered":"\n<div class=\"wp-block-uagb-container uagb-block-4c3875af alignfull uagb-is-root-container\"><div class=\"uagb-container-inner-blocks-wrap\">\n<div class=\"wp-block-uagb-advanced-heading uagb-block-36237826\"><h1 class=\"uagb-heading-text\">Us\u0142ugi Ksi\u0119gowe w UK<\/h1><\/div>\n<\/div><\/div>\n\n\n\n<div class=\"wp-block-uagb-container uagb-block-e7fbe3aa alignfull uagb-is-root-container\"><div class=\"uagb-container-inner-blocks-wrap\">\n<div class=\"wp-block-uagb-container uagb-block-1d616714\">\n<div class=\"wp-block-uagb-advanced-heading uagb-block-4c3562ab\"><div class=\"uagb-heading-text\">01.<\/div><\/div>\n\n\n\n<div class=\"wp-block-uagb-advanced-heading uagb-block-acd47406\"><h2 class=\"uagb-heading-text\">Obs\u0142uga Sp\u00f3\u0142ek LTD<\/h2><\/div>\n<\/div>\n\n\n\n<div class=\"wp-block-uagb-container uagb-block-fedce462\">\n<div class=\"wp-block-uagb-advanced-heading uagb-block-8cc775f5\"><p class=\"uagb-desc-text\">Zapewniamy kompleksow\u0105 obs\u0142ug\u0119 sp\u00f3\u0142ek LTD, co obejmuje prowadzenie ksi\u0105g rachunkowych, przygotowanie rocznych sprawozda\u0144 finansowych oraz bie\u017c\u0105ce wsparcie w zakresie przepis\u00f3w podatkowych.<\/p><\/div>\n\n\n\n<div class=\"wp-block-uagb-icon-list uagb-block-0d18128b\"><div class=\"uagb-icon-list__wrap\">\n<div class=\"wp-block-uagb-icon-list-child uagb-block-5d2d7d59\"><span class=\"uagb-icon-list__source-wrap\"><\/span><span class=\"uagb-icon-list__label\">Prowadzenie ksi\u0105g rachunkowych<\/span><\/div>\n\n\n\n<div class=\"wp-block-uagb-icon-list-child uagb-block-54510f4a\"><span class=\"uagb-icon-list__source-wrap\"><\/span><span class=\"uagb-icon-list__label\">Roczne sprawozdania finansowe<\/span><\/div>\n\n\n\n<div class=\"wp-block-uagb-icon-list-child uagb-block-169d7418\"><span class=\"uagb-icon-list__source-wrap\"><\/span><span class=\"uagb-icon-list__label\">Wsparcie w przepisach podatkowych<\/span><\/div>\n<\/div><\/div>\n<\/div>\n\n\n\n<div class=\"wp-block-uagb-container uagb-block-e38d2238\">\n<div class=\"wp-block-uagb-image alignleft uagb-block-2abcf112 wp-block-uagb-image--layout-default wp-block-uagb-image--effect-static wp-block-uagb-image--align-left\"><figure class=\"wp-block-uagb-image__figure\"><img decoding=\"async\" src=\"https:\/\/szablony.maciejdoman.net\/szablon11\/wp-content\/uploads\/sites\/15\/2026\/01\/working-woman-in-white-long-sleeve-shirt-3783879.jpeg\" alt=\"Focused woman working in a modern office filled with files and equipment.\" class=\"uag-image-1558\" width=\"360\" height=\"350\" title=\"\" loading=\"lazy\" role=\"img\" \/><\/figure><\/div>\n<\/div>\n<\/div><\/div>\n\n\n\n<div class=\"wp-block-uagb-container uagb-block-771b341f alignfull uagb-is-root-container\"><div class=\"uagb-container-inner-blocks-wrap\">\n<div class=\"wp-block-uagb-container uagb-block-fcd00e14\">\n<div class=\"wp-block-uagb-advanced-heading uagb-block-07aff4a9\"><div class=\"uagb-heading-text\">02.<\/div><\/div>\n\n\n\n<div class=\"wp-block-uagb-advanced-heading uagb-block-c969af86\"><h2 class=\"uagb-heading-text\">Obs\u0142uga Self-Employed<\/h2><\/div>\n<\/div>\n\n\n\n<div class=\"wp-block-uagb-container uagb-block-df1c0d10\">\n<div class=\"wp-block-uagb-advanced-heading uagb-block-86ccdb5f\"><p class=\"uagb-desc-text\">Oferujemy wsparcie dla os\u00f3b samozatrudnionych, obejmuj\u0105ce rozliczenia podatkowe, przygotowanie deklaracji VAT oraz doradztwo w zakresie optymalizacji podatkowej.<\/p><\/div>\n\n\n\n<div class=\"wp-block-uagb-icon-list uagb-block-0902cf02\"><div class=\"uagb-icon-list__wrap\">\n<div class=\"wp-block-uagb-icon-list-child uagb-block-9ebe25a6\"><span class=\"uagb-icon-list__source-wrap\"><\/span><span class=\"uagb-icon-list__label\">Rozliczenia podatkowe<\/span><\/div>\n\n\n\n<div class=\"wp-block-uagb-icon-list-child uagb-block-82b75221\"><span class=\"uagb-icon-list__source-wrap\"><\/span><span class=\"uagb-icon-list__label\">Przygotowanie deklaracji VAT<\/span><\/div>\n\n\n\n<div class=\"wp-block-uagb-icon-list-child uagb-block-9ec22de5\"><span class=\"uagb-icon-list__source-wrap\"><\/span><span class=\"uagb-icon-list__label\">Doradztwo podatkowe<\/span><\/div>\n<\/div><\/div>\n<\/div>\n\n\n\n<div class=\"wp-block-uagb-container uagb-block-93de4c77\">\n<div class=\"wp-block-uagb-image alignleft uagb-block-0a3b0cd1 wp-block-uagb-image--layout-default wp-block-uagb-image--effect-static wp-block-uagb-image--align-left\"><figure class=\"wp-block-uagb-image__figure\"><img decoding=\"async\" src=\"https:\/\/szablony.maciejdoman.net\/szablon11\/wp-content\/uploads\/sites\/15\/2026\/01\/black-calculator-on-top-of-paper-4491441.jpeg\" alt=\"A business desk setup with a calculator, papers, and a keyboard, reflecting a work environment.\" class=\"uag-image-1560\" width=\"360\" height=\"350\" title=\"\" loading=\"lazy\" role=\"img\" \/><\/figure><\/div>\n<\/div>\n<\/div><\/div>\n\n\n\n<div class=\"wp-block-uagb-container uagb-block-b3da6d16 alignfull uagb-is-root-container\"><div class=\"uagb-container-inner-blocks-wrap\">\n<div class=\"wp-block-uagb-container uagb-block-6c22f156\">\n<div class=\"wp-block-uagb-advanced-heading uagb-block-2d62a18c\"><div class=\"uagb-heading-text\">03.<\/div><\/div>\n\n\n\n<div class=\"wp-block-uagb-advanced-heading uagb-block-300ab866\"><h2 class=\"uagb-heading-text\">Konsultacje Ksi\u0119gowe Online<\/h2><\/div>\n<\/div>\n\n\n\n<div class=\"wp-block-uagb-container uagb-block-62327c65\">\n<div class=\"wp-block-uagb-advanced-heading uagb-block-cd581b9a\"><p class=\"uagb-desc-text\">Nasze konsultacje online umo\u017cliwiaj\u0105 wygodne doradztwo ksi\u0119gowe w ka\u017cdej chwili, niezale\u017cnie od lokalizacji. Oferujemy bie\u017c\u0105ce wsparcie oraz dost\u0119p do wiedzy ekspert\u00f3w.<\/p><\/div>\n\n\n\n<div class=\"wp-block-uagb-icon-list uagb-block-fda1caa0\"><div class=\"uagb-icon-list__wrap\">\n<div class=\"wp-block-uagb-icon-list-child uagb-block-b3188e60\"><span class=\"uagb-icon-list__source-wrap\"><\/span><span class=\"uagb-icon-list__label\">Bie\u017c\u0105ce wsparcie ksi\u0119gowe<\/span><\/div>\n\n\n\n<div class=\"wp-block-uagb-icon-list-child uagb-block-7d1f73aa\"><span class=\"uagb-icon-list__source-wrap\"><\/span><span class=\"uagb-icon-list__label\">Dost\u0119p do ekspert\u00f3w online<\/span><\/div>\n\n\n\n<div class=\"wp-block-uagb-icon-list-child uagb-block-f7651f7b\"><span class=\"uagb-icon-list__source-wrap\"><\/span><span class=\"uagb-icon-list__label\">Doradztwo w czasie rzeczywistym<\/span><\/div>\n<\/div><\/div>\n<\/div>\n\n\n\n<div class=\"wp-block-uagb-container uagb-block-fd4eb18b\">\n<div class=\"wp-block-uagb-image alignleft uagb-block-a9c5d409 wp-block-uagb-image--layout-default wp-block-uagb-image--effect-static wp-block-uagb-image--align-left\"><figure class=\"wp-block-uagb-image__figure\"><img decoding=\"async\" src=\"https:\/\/szablony.maciejdoman.net\/szablon11\/wp-content\/uploads\/sites\/15\/2026\/01\/a-person-writing-on-white-notebook-5466814.jpeg\" alt=\"Close-up of hands writing calculations in a notebook with a calculator, focused on budgeting or financial work.\" class=\"uag-image-1567\" width=\"360\" height=\"350\" title=\"\" loading=\"lazy\" role=\"img\" \/><\/figure><\/div>\n<\/div>\n<\/div><\/div>\n\n\n\n<div class=\"wp-block-uagb-container uagb-block-b58ce995 alignfull uagb-is-root-container\"><div class=\"uagb-container-inner-blocks-wrap\">\n<div class=\"wp-block-uagb-container uagb-block-4853c35e\">\n<div class=\"wp-block-uagb-advanced-heading uagb-block-d00de326\"><div class=\"uagb-heading-text\">04.<\/div><\/div>\n\n\n\n<div class=\"wp-block-uagb-advanced-heading uagb-block-8c2b6389\"><h2 class=\"uagb-heading-text\">Obs\u0142uga Payroll<\/h2><\/div>\n<\/div>\n\n\n\n<div class=\"wp-block-uagb-container uagb-block-a4cea4e4\">\n<div class=\"wp-block-uagb-advanced-heading uagb-block-50aec271\"><p class=\"uagb-desc-text\">Zarz\u0105dzamy listami p\u0142ac dla Twojej firmy, zapewniaj\u0105c terminowe p\u0142atno\u015bci wynagrodze\u0144 oraz zgodno\u015b\u0107 z przepisami podatkowymi. Dbamy o pe\u0142n\u0105 transparentno\u015b\u0107 i dok\u0142adno\u015b\u0107 w rozliczeniach.<\/p><\/div>\n\n\n\n<div class=\"wp-block-uagb-icon-list uagb-block-b39c7ae2\"><div class=\"uagb-icon-list__wrap\">\n<div class=\"wp-block-uagb-icon-list-child uagb-block-466f1082\"><span class=\"uagb-icon-list__source-wrap\"><\/span><span class=\"uagb-icon-list__label\">Zarz\u0105dzanie listami p\u0142ac<\/span><\/div>\n\n\n\n<div class=\"wp-block-uagb-icon-list-child uagb-block-b337dc38\"><span class=\"uagb-icon-list__source-wrap\"><\/span><span class=\"uagb-icon-list__label\">Terminowe p\u0142atno\u015bci wynagrodze\u0144<\/span><\/div>\n\n\n\n<div class=\"wp-block-uagb-icon-list-child uagb-block-12ececd8\"><span class=\"uagb-icon-list__source-wrap\"><\/span><span class=\"uagb-icon-list__label\">Zgodno\u015b\u0107 z przepisami podatkowymi<\/span><\/div>\n<\/div><\/div>\n<\/div>\n\n\n\n<div class=\"wp-block-uagb-container uagb-block-1693df27\">\n<div class=\"wp-block-uagb-image alignleft uagb-block-b986cf24 wp-block-uagb-image--layout-default wp-block-uagb-image--effect-static wp-block-uagb-image--align-left\"><figure class=\"wp-block-uagb-image__figure\"><img decoding=\"async\" src=\"https:\/\/szablony.maciejdoman.net\/szablon11\/wp-content\/uploads\/sites\/15\/2026\/01\/person-holding-black-calculator-while-using-laptop-8296981.jpeg\" alt=\"A business professional uses a calculator among documents and laptop on a desk for financial tasks.\" class=\"uag-image-1554\" width=\"360\" height=\"350\" title=\"\" loading=\"lazy\" role=\"img\" \/><\/figure><\/div>\n<\/div>\n<\/div><\/div>\n\n\n\n<div class=\"wp-block-uagb-container uagb-block-9caa1a47 alignfull uagb-is-root-container\"><div class=\"uagb-container-inner-blocks-wrap\">\n<div class=\"wp-block-uagb-advanced-heading uagb-block-1ed0e64e\"><div class=\"uagb-heading-text\">Nie czekaj d\u0142u\u017cej<\/div><\/div>\n\n\n\n<div class=\"wp-block-uagb-advanced-heading uagb-block-3a57683f\"><h2 class=\"uagb-heading-text\">Skontaktuj si\u0119 z nami ju\u017c dzi\u015b!<\/h2><\/div>\n\n\n\n<div class=\"wp-block-uagb-buttons uagb-buttons__outer-wrap uagb-btn__default-btn uagb-btn-tablet__default-btn uagb-btn-mobile__default-btn uagb-block-9979be0d\"><div class=\"uagb-buttons__wrap uagb-buttons-layout-wrap \">\n<div class=\"wp-block-uagb-buttons-child uagb-buttons__outer-wrap uagb-block-84fd34e5 wp-block-button\"><div class=\"uagb-button__wrapper\"><a class=\"uagb-buttons-repeater wp-block-button__link\" aria-label=\"\" href=\"\/contact\/\" rel=\"follow noopener\" target=\"_self\" role=\"button\"><div class=\"uagb-button__link\">Skontaktuj si\u0119 z nami<\/div><\/a><\/div><\/div>\n<\/div><\/div>\n\n\n\n<div class=\"wp-block-uagb-advanced-heading uagb-block-838a0a13\"><div class=\"uagb-separator\"><\/div><h3 class=\"uagb-heading-text\">Bezp\u0142atna konsultacja? 079 000000<\/h3><\/div>\n<\/div><\/div>\n","protected":false},"excerpt":{"rendered":"<p>Us\u0142ugi Ksi\u0119gowe w UK 01. Obs\u0142uga Sp\u00f3\u0142ek LTD Zapewniamy kompleksow\u0105 obs\u0142ug\u0119 sp\u00f3\u0142ek LTD, co obejmuje prowadzenie ksi\u0105g rachunkowych, przygotowanie rocznych [&hellip;]<\/p>\n","protected":false},"author":1,"featured_media":0,"parent":0,"menu_order":0,"comment_status":"closed","ping_status":"closed","template":"","meta":{"_uag_custom_page_level_css":"","site-sidebar-layout":"no-sidebar","site-content-layout":"plain-container","ast-site-content-layout":"full-width-container","site-content-style":"unboxed","site-sidebar-style":"unboxed","ast-global-header-display":"","ast-banner-title-visibility":"","ast-main-header-display":"","ast-hfb-above-header-display":"","ast-hfb-below-header-display":"","ast-hfb-mobile-header-display":"","site-post-title":"disabled","ast-breadcrumbs-content":"","ast-featured-img":"","footer-sml-layout":"","ast-disable-related-posts":"","theme-transparent-header-meta":"","adv-header-id-meta":"","stick-header-meta":"","header-above-stick-meta":"","header-main-stick-meta":"","header-below-stick-meta":"","astra-migrate-meta-layouts":"set","ast-page-background-enabled":"default","ast-page-background-meta":{"desktop":{"background-color":"var(--ast-global-color-5)","background-image":"","background-repeat":"repeat","background-position":"center center","background-size":"auto","background-attachment":"scroll","background-type":"","background-media":"","overlay-type":"","overlay-color":"","overlay-opacity":"","overlay-gradient":""},"tablet":{"background-color":"","background-image":"","background-repeat":"repeat","background-position":"center center","background-size":"auto","background-attachment":"scroll","background-type":"","background-media":"","overlay-type":"","overlay-color":"","overlay-opacity":"","overlay-gradient":""},"mobile":{"background-color":"","background-image":"","background-repeat":"repeat","background-position":"center center","background-size":"auto","background-attachment":"scroll","background-type":"","background-media":"","overlay-type":"","overlay-color":"","overlay-opacity":"","overlay-gradient":""}},"ast-content-background-meta":{"desktop":{"background-color":"var(--ast-global-color-4)","background-image":"","background-repeat":"repeat","background-position":"center center","background-size":"auto","background-attachment":"scroll","background-type":"","background-media":"","overlay-type":"","overlay-color":"","overlay-opacity":"","overlay-gradient":""},"tablet":{"background-color":"var(--ast-global-color-4)","background-image":"","background-repeat":"repeat","background-position":"center center","background-size":"auto","background-attachment":"scroll","background-type":"","background-media":"","overlay-type":"","overlay-color":"","overlay-opacity":"","overlay-gradient":""},"mobile":{"background-color":"var(--ast-global-color-4)","background-image":"","background-repeat":"repeat","background-position":"center center","background-size":"auto","background-attachment":"scroll","background-type":"","background-media":"","overlay-type":"","overlay-color":"","overlay-opacity":"","overlay-gradient":""}},"footnotes":""},"class_list":["post-18","page","type-page","status-publish","hentry"],"uagb_featured_image_src":{"full":false,"thumbnail":false,"medium":false,"medium_large":false,"large":false,"1536x1536":false,"2048x2048":false},"uagb_author_info":{"display_name":"maciej.doman","author_link":"https:\/\/szablony.maciejdoman.net\/szablon11\/author\/maciej-doman\/"},"uagb_comment_info":0,"uagb_excerpt":"Us\u0142ugi Ksi\u0119gowe w UK 01. Obs\u0142uga Sp\u00f3\u0142ek LTD Zapewniamy kompleksow\u0105 obs\u0142ug\u0119 sp\u00f3\u0142ek LTD, co obejmuje prowadzenie ksi\u0105g rachunkowych, przygotowanie rocznych [&hellip;]","_links":{"self":[{"href":"https:\/\/szablony.maciejdoman.net\/szablon11\/wp-json\/wp\/v2\/pages\/18","targetHints":{"allow":["GET"]}}],"collection":[{"href":"https:\/\/szablony.maciejdoman.net\/szablon11\/wp-json\/wp\/v2\/pages"}],"about":[{"href":"https:\/\/szablony.maciejdoman.net\/szablon11\/wp-json\/wp\/v2\/types\/page"}],"author":[{"embeddable":true,"href":"https:\/\/szablony.maciejdoman.net\/szablon11\/wp-json\/wp\/v2\/users\/1"}],"replies":[{"embeddable":true,"href":"https:\/\/szablony.maciejdoman.net\/szablon11\/wp-json\/wp\/v2\/comments?post=18"}],"version-history":[{"count":0,"href":"https:\/\/szablony.maciejdoman.net\/szablon11\/wp-json\/wp\/v2\/pages\/18\/revisions"}],"wp:attachment":[{"href":"https:\/\/szablony.maciejdoman.net\/szablon11\/wp-json\/wp\/v2\/media?parent=18"}],"curies":[{"name":"wp","href":"https:\/\/api.w.org\/{rel}","templated":true}]}}