{"id":16,"date":"2026-01-03T22:52:27","date_gmt":"2026-01-03T22:52:27","guid":{"rendered":"https:\/\/pure-pomerleau-19xvs.zipwp.dev\/?page_id=16"},"modified":"2026-01-03T22:52:27","modified_gmt":"2026-01-03T22:52:27","slug":"about-us","status":"publish","type":"page","link":"https:\/\/szablony.maciejdoman.net\/szablon11\/about-us\/","title":{"rendered":"About"},"content":{"rendered":"\n<div class=\"wp-block-uagb-container uagb-block-4c3875af alignfull uagb-is-root-container\"><div class=\"uagb-container-inner-blocks-wrap\">\n<div class=\"wp-block-uagb-advanced-heading uagb-block-36237826\"><h1 class=\"uagb-heading-text\">O Nas<\/h1><\/div>\n<\/div><\/div>\n\n\n\n<div class=\"wp-block-uagb-container uagb-block-5cf03063 alignfull uagb-is-root-container\"><div class=\"uagb-container-inner-blocks-wrap\">\n<div class=\"wp-block-uagb-image alignleft uagb-block-6d75d68d wp-block-uagb-image--layout-default wp-block-uagb-image--effect-static wp-block-uagb-image--align-left\"><figure class=\"wp-block-uagb-image__figure\"><img decoding=\"async\" src=\"https:\/\/szablony.maciejdoman.net\/szablon11\/wp-content\/uploads\/sites\/15\/2026\/01\/accountant-counting-money-210990.jpeg\" alt=\"Businessman organizing finances with tech devices and cash on desk.\" class=\"uag-image-1555\" width=\"575\" height=\"480\" title=\"\" loading=\"lazy\" role=\"img\" \/><\/figure><\/div>\n\n\n\n<div class=\"wp-block-uagb-container uagb-block-05150e62\">\n<div class=\"wp-block-uagb-advanced-heading uagb-block-b0bb1952\"><div class=\"uagb-heading-text\">O nas<\/div><\/div>\n\n\n\n<div class=\"wp-block-uagb-advanced-heading uagb-block-a2b3848d\"><h2 class=\"uagb-heading-text\">Dlaczego warto wybra\u0107 Domel?<\/h2><p class=\"uagb-desc-text\">Domel to wiod\u0105ce polskie biuro ksi\u0119gowe w Wielkiej Brytanii, kt\u00f3re oferuje kompleksow\u0105 obs\u0142ug\u0119 ksi\u0119gow\u0105. Specjalizujemy si\u0119 w wsparciu polskich przedsi\u0119biorc\u00f3w, zapewniaj\u0105c im profesjonalizm, bezpiecze\u0144stwo oraz pe\u0142n\u0105 zgodno\u015b\u0107 z przepisami.<br><br>Domel powsta\u0142 z potrzeby stworzenia miejsca, kt\u00f3re b\u0119dzie dostarcza\u0107 rzetelnych us\u0142ug ksi\u0119gowych dla polskich firm dzia\u0142aj\u0105cych w UK, \u0142\u0105cz\u0105c do\u015bwiadczenie z pasj\u0105 do pomocy innym.<\/p><\/div>\n<\/div>\n<\/div><\/div>\n\n\n\n<div class=\"wp-block-uagb-container uagb-block-edae5b83 alignfull uagb-is-root-container\"><div class=\"uagb-container-inner-blocks-wrap\">\n<div class=\"wp-block-uagb-advanced-heading uagb-block-64726181\"><div class=\"uagb-heading-text\">Nasze warto\u015bci<\/div><\/div>\n\n\n\n<div class=\"wp-block-uagb-advanced-heading uagb-block-92588f0c\"><h2 class=\"uagb-heading-text\">Kluczowe warto\u015bci i zasady, kt\u00f3rymi si\u0119 kierujemy<\/h2><\/div>\n\n\n\n<div class=\"wp-block-uagb-image aligncenter uagb-block-37f6c2f8 wp-block-uagb-image--layout-default wp-block-uagb-image--effect-static wp-block-uagb-image--align-center\"><figure class=\"wp-block-uagb-image__figure\"><img decoding=\"async\" src=\"https:\/\/szablony.maciejdoman.net\/szablon11\/wp-content\/uploads\/sites\/15\/2026\/01\/tax-documents-on-the-table-6863175.jpeg\" alt=\"Flat lay of tax documents, calculator, and pencils on green surface.\" class=\"uag-image-1557\" width=\"1200\" height=\"430\" title=\"\" loading=\"lazy\" role=\"img\" \/><\/figure><\/div>\n\n\n\n<div class=\"wp-block-uagb-container uagb-block-0f0fe2b0\">\n<div class=\"wp-block-uagb-advanced-heading uagb-block-a7766e3a\"><h3 class=\"uagb-heading-text\">Profesjonalizm<\/h3><p class=\"uagb-desc-text\">Dbamy o najwy\u017csze standardy obs\u0142ugi, dostarczaj\u0105c klientom klarowne i rzetelne informacje dotycz\u0105ce ich finans\u00f3w.<\/p><\/div>\n\n\n\n<div class=\"wp-block-uagb-advanced-heading uagb-block-b78816fa\"><h3 class=\"uagb-heading-text\">Bezpiecze\u0144stwo<\/h3><p class=\"uagb-desc-text\">Zabezpieczamy interesy naszych klient\u00f3w, dzia\u0142aj\u0105c zgodnie z obowi\u0105zuj\u0105cymi przepisami i zapewniaj\u0105c pe\u0142n\u0105 transparentno\u015b\u0107 naszych dzia\u0142a\u0144.<\/p><\/div>\n\n\n\n<div class=\"wp-block-uagb-advanced-heading uagb-block-a5c64964\"><h3 class=\"uagb-heading-text\">Zaufanie<\/h3><p class=\"uagb-desc-text\">Nasze relacje z klientami oparte s\u0105 na wzajemnym zaufaniu i otwartej komunikacji, co pozwala nam wspiera\u0107 ich w rozwoju biznesu.<\/p><\/div>\n<\/div>\n<\/div><\/div>\n\n\n\n<div class=\"wp-block-uagb-container uagb-block-9caa1a47 alignfull uagb-is-root-container\"><div class=\"uagb-container-inner-blocks-wrap\">\n<div class=\"wp-block-uagb-advanced-heading uagb-block-1ed0e64e\"><div class=\"uagb-heading-text\">Nie czekaj d\u0142u\u017cej<\/div><\/div>\n\n\n\n<div class=\"wp-block-uagb-advanced-heading uagb-block-3a57683f\"><h2 class=\"uagb-heading-text\">Skontaktuj si\u0119 z nami ju\u017c dzi\u015b!<\/h2><\/div>\n\n\n\n<div class=\"wp-block-uagb-buttons uagb-buttons__outer-wrap uagb-btn__default-btn uagb-btn-tablet__default-btn uagb-btn-mobile__default-btn uagb-block-9979be0d\"><div class=\"uagb-buttons__wrap uagb-buttons-layout-wrap \">\n<div class=\"wp-block-uagb-buttons-child uagb-buttons__outer-wrap uagb-block-84fd34e5 wp-block-button\"><div class=\"uagb-button__wrapper\"><a class=\"uagb-buttons-repeater wp-block-button__link\" aria-label=\"\" href=\"\/contact\/\" rel=\"follow noopener\" target=\"_self\" role=\"button\"><div class=\"uagb-button__link\">Skontaktuj si\u0119 z nami<\/div><\/a><\/div><\/div>\n<\/div><\/div>\n\n\n\n<div class=\"wp-block-uagb-advanced-heading uagb-block-838a0a13\"><div class=\"uagb-separator\"><\/div><h3 class=\"uagb-heading-text\">Bezp\u0142atna konsultacja? 079 000000<\/h3><\/div>\n<\/div><\/div>\n","protected":false},"excerpt":{"rendered":"<p>O Nas O nas Dlaczego warto wybra\u0107 Domel? Domel to wiod\u0105ce polskie biuro ksi\u0119gowe w Wielkiej Brytanii, kt\u00f3re oferuje kompleksow\u0105 [&hellip;]<\/p>\n","protected":false},"author":1,"featured_media":0,"parent":0,"menu_order":0,"comment_status":"closed","ping_status":"closed","template":"","meta":{"_uag_custom_page_level_css":"","site-sidebar-layout":"no-sidebar","site-content-layout":"plain-container","ast-site-content-layout":"full-width-container","site-content-style":"unboxed","site-sidebar-style":"unboxed","ast-global-header-display":"","ast-banner-title-visibility":"","ast-main-header-display":"","ast-hfb-above-header-display":"","ast-hfb-below-header-display":"","ast-hfb-mobile-header-display":"","site-post-title":"disabled","ast-breadcrumbs-content":"","ast-featured-img":"","footer-sml-layout":"","ast-disable-related-posts":"","theme-transparent-header-meta":"","adv-header-id-meta":"","stick-header-meta":"","header-above-stick-meta":"","header-main-stick-meta":"","header-below-stick-meta":"","astra-migrate-meta-layouts":"set","ast-page-background-enabled":"default","ast-page-background-meta":{"desktop":{"background-color":"var(--ast-global-color-5)","background-image":"","background-repeat":"repeat","background-position":"center center","background-size":"auto","background-attachment":"scroll","background-type":"","background-media":"","overlay-type":"","overlay-color":"","overlay-opacity":"","overlay-gradient":""},"tablet":{"background-color":"","background-image":"","background-repeat":"repeat","background-position":"center center","background-size":"auto","background-attachment":"scroll","background-type":"","background-media":"","overlay-type":"","overlay-color":"","overlay-opacity":"","overlay-gradient":""},"mobile":{"background-color":"","background-image":"","background-repeat":"repeat","background-position":"center center","background-size":"auto","background-attachment":"scroll","background-type":"","background-media":"","overlay-type":"","overlay-color":"","overlay-opacity":"","overlay-gradient":""}},"ast-content-background-meta":{"desktop":{"background-color":"var(--ast-global-color-4)","background-image":"","background-repeat":"repeat","background-position":"center center","background-size":"auto","background-attachment":"scroll","background-type":"","background-media":"","overlay-type":"","overlay-color":"","overlay-opacity":"","overlay-gradient":""},"tablet":{"background-color":"var(--ast-global-color-4)","background-image":"","background-repeat":"repeat","background-position":"center center","background-size":"auto","background-attachment":"scroll","background-type":"","background-media":"","overlay-type":"","overlay-color":"","overlay-opacity":"","overlay-gradient":""},"mobile":{"background-color":"var(--ast-global-color-4)","background-image":"","background-repeat":"repeat","background-position":"center center","background-size":"auto","background-attachment":"scroll","background-type":"","background-media":"","overlay-type":"","overlay-color":"","overlay-opacity":"","overlay-gradient":""}},"footnotes":""},"class_list":["post-16","page","type-page","status-publish","hentry"],"uagb_featured_image_src":{"full":false,"thumbnail":false,"medium":false,"medium_large":false,"large":false,"1536x1536":false,"2048x2048":false},"uagb_author_info":{"display_name":"maciej.doman","author_link":"https:\/\/szablony.maciejdoman.net\/szablon11\/author\/maciej-doman\/"},"uagb_comment_info":0,"uagb_excerpt":"O Nas O nas Dlaczego warto wybra\u0107 Domel? Domel to wiod\u0105ce polskie biuro ksi\u0119gowe w Wielkiej Brytanii, kt\u00f3re oferuje kompleksow\u0105 [&hellip;]","_links":{"self":[{"href":"https:\/\/szablony.maciejdoman.net\/szablon11\/wp-json\/wp\/v2\/pages\/16","targetHints":{"allow":["GET"]}}],"collection":[{"href":"https:\/\/szablony.maciejdoman.net\/szablon11\/wp-json\/wp\/v2\/pages"}],"about":[{"href":"https:\/\/szablony.maciejdoman.net\/szablon11\/wp-json\/wp\/v2\/types\/page"}],"author":[{"embeddable":true,"href":"https:\/\/szablony.maciejdoman.net\/szablon11\/wp-json\/wp\/v2\/users\/1"}],"replies":[{"embeddable":true,"href":"https:\/\/szablony.maciejdoman.net\/szablon11\/wp-json\/wp\/v2\/comments?post=16"}],"version-history":[{"count":0,"href":"https:\/\/szablony.maciejdoman.net\/szablon11\/wp-json\/wp\/v2\/pages\/16\/revisions"}],"wp:attachment":[{"href":"https:\/\/szablony.maciejdoman.net\/szablon11\/wp-json\/wp\/v2\/media?parent=16"}],"curies":[{"name":"wp","href":"https:\/\/api.w.org\/{rel}","templated":true}]}}