{"id":22,"date":"2026-01-03T22:36:16","date_gmt":"2026-01-03T22:36:16","guid":{"rendered":"https:\/\/cuttingedge-calmettes-0jcw3.zipwp.xyz\/?page_id=22"},"modified":"2026-01-03T22:36:16","modified_gmt":"2026-01-03T22:36:16","slug":"contact","status":"publish","type":"page","link":"https:\/\/szablony.maciejdoman.net\/szablon10\/contact\/","title":{"rendered":"Contact"},"content":{"rendered":"\n<div class=\"wp-block-uagb-container uagb-block-8e900e2a alignfull uagb-is-root-container\"><div class=\"uagb-container-inner-blocks-wrap\">\n<div class=\"wp-block-uagb-advanced-heading uagb-block-eae04d3f\"><div class=\"uagb-separator\"><\/div><h1 class=\"uagb-heading-text\">Kontakt<\/h1><\/div>\n<\/div><\/div>\n\n\n\n<div class=\"wp-block-uagb-container uagb-block-f0d74997 alignfull uagb-is-root-container\"><div class=\"uagb-container-inner-blocks-wrap\">\n<div class=\"wp-block-uagb-advanced-heading uagb-block-0f064ff2\"><div class=\"uagb-separator\"><\/div><div class=\"uagb-heading-text\">Skontaktuj si\u0119 z nami, aby uzyska\u0107 profesjonalne wsparcie ksi\u0119gowe i dowiedzie\u0107 si\u0119 wi\u0119cej o naszych us\u0142ugach.<\/div><\/div>\n\n\n\n<div class=\"wp-block-uagb-container uagb-block-6b631c50\"><p>[sureforms id=&#8217;620&#8242;]<\/p>\n\n\n\n<div class=\"wp-block-uagb-container uagb-layout-flex uagb-block-216ab3e7\">\n<div class=\"wp-block-uagb-container uagb-block-15984035\">\n<div class=\"wp-block-uagb-advanced-heading uagb-block-276da8e5\"><div class=\"uagb-heading-text\">Telefon<\/div><p class=\"uagb-desc-text\">079 000000<\/p><\/div>\n\n\n\n<div class=\"wp-block-uagb-advanced-heading uagb-block-cd8f5911\"><div class=\"uagb-heading-text\">Email<\/div><p class=\"uagb-desc-text\">4domel@wp.pl<\/p><\/div>\n<\/div>\n\n\n\n<div class=\"wp-block-uagb-separator uagb-block-aed624d3\"><div class=\"wp-block-uagb-separator__inner\" style=\"--my-background-image:\"><\/div><\/div>\n\n\n\n<div class=\"wp-block-uagb-advanced-heading uagb-block-aa6e7c21\"><div class=\"uagb-heading-text\">Adres<\/div><p class=\"uagb-desc-text\">3 Radosna Street<\/p><\/div>\n\n\n\n<div class=\"wp-block-uagb-separator uagb-block-92fbbf8f\"><div class=\"wp-block-uagb-separator__inner\" style=\"--my-background-image:\"><\/div><\/div>\n\n\n\n<div class=\"wp-block-uagb-container uagb-layout-flex uagb-block-ac348778\">\n<div class=\"wp-block-uagb-advanced-heading uagb-block-13132d1b\"><div class=\"uagb-heading-text\">\u015aled\u017a nas:<\/div><\/div>\n\n\n\n<div class=\"wp-block-uagb-icon-list uagb-block-54d436a7\"><div class=\"uagb-icon-list__wrap\">\n<div class=\"wp-block-uagb-icon-list-child uagb-block-3c9954ec\"><a target=\"_self\" aria-label=\"List item\" rel=\"noopener noreferrer\" href=\"\/szablon10\/\"> <\/a><span class=\"uagb-icon-list__source-wrap\"><\/span><\/div>\n\n\n\n<div class=\"wp-block-uagb-icon-list-child uagb-block-1a33e4c3\"><a target=\"_self\" aria-label=\"List item\" rel=\"noopener noreferrer\" href=\"\/szablon10\/\"> <\/a><span class=\"uagb-icon-list__source-wrap\"><\/span><\/div>\n\n\n\n<div class=\"wp-block-uagb-icon-list-child uagb-block-89128db5\"><a target=\"_self\" aria-label=\"List item\" rel=\"noopener noreferrer\" href=\"\/szablon10\/\"> <\/a><span class=\"uagb-icon-list__source-wrap\"><\/span><\/div>\n\n\n\n<div class=\"wp-block-uagb-icon-list-child uagb-block-bf443493\"><a target=\"_self\" aria-label=\"List item\" rel=\"noopener noreferrer\" href=\"\/szablon10\/\"> <\/a><span class=\"uagb-icon-list__source-wrap\"><\/span><\/div>\n\n\n\n<div class=\"wp-block-uagb-icon-list-child uagb-block-8007aca7\"><a target=\"_self\" aria-label=\"List item\" rel=\"noopener noreferrer\" href=\"\/szablon10\/\"> <\/a><span class=\"uagb-icon-list__source-wrap\"><\/span><\/div>\n<\/div><\/div>\n<\/div>\n<\/div>\n<\/div>\n<\/div><\/div>\n\n\n\n<div class=\"wp-block-uagb-container uagb-block-a6bfea04 alignfull uagb-is-root-container\"><div class=\"uagb-container-inner-blocks-wrap\">\n<div class=\"wp-block-uagb-info-box uagb-block-baf92aae uagb-infobox__content-wrap  uagb-infobox-icon-above-title uagb-infobox-image-valign-top\"><div class=\"uagb-ifb-content\"><div class=\"uagb-ifb-title-wrap\"><div class=\"uagb-ifb-separator\"><\/div><h2 class=\"uagb-ifb-title\">Skontaktuj si\u0119 z naszym zespo\u0142em ju\u017c dzi\u015b<\/h2><\/div><p class=\"uagb-ifb-desc\">Zadzwo\u0144 lub napisz do nas, aby uzyska\u0107 darmow\u0105 konsultacj\u0119 i dowiedzie\u0107 si\u0119, jak mo\u017cemy pom\u00f3c Twojej firmie.<\/p><div class=\"uagb-ifb-button-wrapper wp-block-button\"><a href=\"\/contact\/\" class=\"uagb-infobox-cta-link wp-block-button__link\" target=\"_self\" rel=\"noopener noreferrer\" onclick=\"return true;\"><span class=\"uagb-inline-editing\">Skontaktuj si\u0119 z nami<\/span><\/a><\/div><\/div><\/div>\n<\/div><\/div>\n","protected":false},"excerpt":{"rendered":"<p>Kontakt Skontaktuj si\u0119 z nami, aby uzyska\u0107 profesjonalne wsparcie ksi\u0119gowe i dowiedzie\u0107 si\u0119 wi\u0119cej o naszych us\u0142ugach. Telefon 079 000000 [&hellip;]<\/p>\n","protected":false},"author":1,"featured_media":0,"parent":0,"menu_order":0,"comment_status":"closed","ping_status":"closed","template":"","meta":{"_uag_custom_page_level_css":"","site-sidebar-layout":"default","site-content-layout":"","ast-site-content-layout":"default","site-content-style":"default","site-sidebar-style":"default","ast-global-header-display":"","ast-banner-title-visibility":"disabled","ast-main-header-display":"","ast-hfb-above-header-display":"","ast-hfb-below-header-display":"","ast-hfb-mobile-header-display":"","site-post-title":"","ast-breadcrumbs-content":"","ast-featured-img":"","footer-sml-layout":"","ast-disable-related-posts":"","theme-transparent-header-meta":"enabled","adv-header-id-meta":"","stick-header-meta":"","header-above-stick-meta":"","header-main-stick-meta":"","header-below-stick-meta":"","astra-migrate-meta-layouts":"default","ast-page-background-enabled":"default","ast-page-background-meta":{"desktop":{"background-color":"var(--ast-global-color-5)","background-image":"","background-repeat":"repeat","background-position":"center center","background-size":"auto","background-attachment":"scroll","background-type":"","background-media":"","overlay-type":"","overlay-color":"","overlay-opacity":"","overlay-gradient":""},"tablet":{"background-color":"","background-image":"","background-repeat":"repeat","background-position":"center center","background-size":"auto","background-attachment":"scroll","background-type":"","background-media":"","overlay-type":"","overlay-color":"","overlay-opacity":"","overlay-gradient":""},"mobile":{"background-color":"","background-image":"","background-repeat":"repeat","background-position":"center center","background-size":"auto","background-attachment":"scroll","background-type":"","background-media":"","overlay-type":"","overlay-color":"","overlay-opacity":"","overlay-gradient":""}},"ast-content-background-meta":{"desktop":{"background-color":"var(--ast-global-color-4)","background-image":"","background-repeat":"repeat","background-position":"center center","background-size":"auto","background-attachment":"scroll","background-type":"","background-media":"","overlay-type":"","overlay-color":"","overlay-opacity":"","overlay-gradient":""},"tablet":{"background-color":"var(--ast-global-color-4)","background-image":"","background-repeat":"repeat","background-position":"center center","background-size":"auto","background-attachment":"scroll","background-type":"","background-media":"","overlay-type":"","overlay-color":"","overlay-opacity":"","overlay-gradient":""},"mobile":{"background-color":"var(--ast-global-color-4)","background-image":"","background-repeat":"repeat","background-position":"center center","background-size":"auto","background-attachment":"scroll","background-type":"","background-media":"","overlay-type":"","overlay-color":"","overlay-opacity":"","overlay-gradient":""}},"footnotes":""},"class_list":["post-22","page","type-page","status-publish","hentry"],"uagb_featured_image_src":{"full":false,"thumbnail":false,"medium":false,"medium_large":false,"large":false,"1536x1536":false,"2048x2048":false},"uagb_author_info":{"display_name":"maciej.doman","author_link":"https:\/\/szablony.maciejdoman.net\/szablon10\/author\/maciej-doman\/"},"uagb_comment_info":0,"uagb_excerpt":"Kontakt Skontaktuj si\u0119 z nami, aby uzyska\u0107 profesjonalne wsparcie ksi\u0119gowe i dowiedzie\u0107 si\u0119 wi\u0119cej o naszych us\u0142ugach. Telefon 079 000000 [&hellip;]","_links":{"self":[{"href":"https:\/\/szablony.maciejdoman.net\/szablon10\/wp-json\/wp\/v2\/pages\/22","targetHints":{"allow":["GET"]}}],"collection":[{"href":"https:\/\/szablony.maciejdoman.net\/szablon10\/wp-json\/wp\/v2\/pages"}],"about":[{"href":"https:\/\/szablony.maciejdoman.net\/szablon10\/wp-json\/wp\/v2\/types\/page"}],"author":[{"embeddable":true,"href":"https:\/\/szablony.maciejdoman.net\/szablon10\/wp-json\/wp\/v2\/users\/1"}],"replies":[{"embeddable":true,"href":"https:\/\/szablony.maciejdoman.net\/szablon10\/wp-json\/wp\/v2\/comments?post=22"}],"version-history":[{"count":0,"href":"https:\/\/szablony.maciejdoman.net\/szablon10\/wp-json\/wp\/v2\/pages\/22\/revisions"}],"wp:attachment":[{"href":"https:\/\/szablony.maciejdoman.net\/szablon10\/wp-json\/wp\/v2\/media?parent=22"}],"curies":[{"name":"wp","href":"https:\/\/api.w.org\/{rel}","templated":true}]}}