{"id":21,"date":"2026-01-03T22:36:16","date_gmt":"2026-01-03T22:36:16","guid":{"rendered":"https:\/\/cuttingedge-calmettes-0jcw3.zipwp.xyz\/?page_id=21"},"modified":"2026-01-03T22:36:16","modified_gmt":"2026-01-03T22:36:16","slug":"services","status":"publish","type":"page","link":"https:\/\/szablony.maciejdoman.net\/szablon10\/services\/","title":{"rendered":"Services"},"content":{"rendered":"\n<div class=\"wp-block-uagb-container uagb-block-8e900e2a alignfull uagb-is-root-container\"><div class=\"uagb-container-inner-blocks-wrap\">\n<div class=\"wp-block-uagb-advanced-heading uagb-block-eae04d3f\"><div class=\"uagb-separator\"><\/div><h1 class=\"uagb-heading-text\">Profesjonalna Obs\u0142uga Ksi\u0119gowa dla Firm<\/h1><\/div>\n<\/div><\/div>\n\n\n\n<div class=\"wp-block-uagb-container uagb-block-7ddca7f3 alignfull uagb-is-root-container\"><div class=\"uagb-container-inner-blocks-wrap\">\n<div class=\"wp-block-uagb-image uagb-block-b7a6ddf0 wp-block-uagb-image--layout-default wp-block-uagb-image--effect-static wp-block-uagb-image--align-none\"><figure class=\"wp-block-uagb-image__figure\"><img decoding=\"async\" src=\"https:\/\/szablony.maciejdoman.net\/szablon10\/wp-content\/uploads\/sites\/14\/2026\/01\/black-calculator-on-top-of-paper-4491441.jpeg\" alt=\"A business desk setup with a calculator, papers, and a keyboard, reflecting a work environment.\" class=\"uag-image-635\" width=\"1200\" height=\"400\" title=\"services-01\" loading=\"lazy\" role=\"img\" \/><\/figure><\/div>\n\n\n\n<div class=\"wp-block-uagb-container uagb-block-1a98c2ef\">\n<div class=\"wp-block-uagb-advanced-heading uagb-block-4421838e\"><h2 class=\"uagb-heading-text\">Pe\u0142na Obs\u0142uga Sp\u00f3\u0142ek LTD<\/h2><\/div>\n\n\n\n<div class=\"wp-block-uagb-advanced-heading uagb-block-3a7f501c\"><p class=\"uagb-desc-text\">Pe\u0142na obs\u0142uga sp\u00f3\u0142ek Limited (LTD) obejmuje wszystkie aspekty ksi\u0119gowo\u015bci, w tym przygotowanie sprawozda\u0144 finansowych, rozliczenia podatkowe oraz kompleksowe doradztwo, zapewniaj\u0105c zgodno\u015b\u0107 z obowi\u0105zuj\u0105cymi przepisami.<\/p><\/div>\n<\/div>\n\n\n\n<div class=\"wp-block-uagb-image uagb-block-c925b83c wp-block-uagb-image--layout-default wp-block-uagb-image--effect-static wp-block-uagb-image--align-none\"><figure class=\"wp-block-uagb-image__figure\"><img decoding=\"async\" src=\"https:\/\/szablony.maciejdoman.net\/szablon10\/wp-content\/uploads\/sites\/14\/2026\/01\/shallow-focus-photo-of-woman-in-gray-jacket-0zx1bdv5bny.jpeg\" alt=\"shallow-focus-photo-of-woman-in-gray-jacket-0zx1bdv5bny\" class=\"uag-image-645\" width=\"1200\" height=\"400\" title=\"services-02\" loading=\"lazy\" role=\"img\" \/><\/figure><\/div>\n\n\n\n<div class=\"wp-block-uagb-container uagb-block-a86bea20\">\n<div class=\"wp-block-uagb-advanced-heading uagb-block-27301e60\"><h2 class=\"uagb-heading-text\">Obs\u0142uga Self-Employed<\/h2><\/div>\n\n\n\n<div class=\"wp-block-uagb-advanced-heading uagb-block-d8187766\"><p class=\"uagb-desc-text\">Obs\u0142uga Self-Employed to indywidualne podej\u015bcie do os\u00f3b samozatrudnionych, obejmuj\u0105ce przygotowanie deklaracji podatkowych oraz pomoc w zarz\u0105dzaniu finansami, co pozwala skupi\u0107 si\u0119 na rozwoju dzia\u0142alno\u015bci.<\/p><\/div>\n<\/div>\n\n\n\n<div class=\"wp-block-uagb-image uagb-block-4fee4429 wp-block-uagb-image--layout-default wp-block-uagb-image--effect-static wp-block-uagb-image--align-none\"><figure class=\"wp-block-uagb-image__figure\"><img decoding=\"async\" src=\"https:\/\/szablony.maciejdoman.net\/szablon10\/wp-content\/uploads\/sites\/14\/2026\/01\/finance-book-mjq4rsuhf4u.jpeg\" alt=\"a finance notebook\" class=\"uag-image-644\" width=\"1200\" height=\"400\" title=\"services-03\" loading=\"lazy\" role=\"img\" \/><\/figure><\/div>\n\n\n\n<div class=\"wp-block-uagb-container uagb-block-d8dd4e72\">\n<div class=\"wp-block-uagb-advanced-heading uagb-block-a99c7941\"><h2 class=\"uagb-heading-text\">Konsultacje Ksi\u0119gowe Online<\/h2><\/div>\n\n\n\n<div class=\"wp-block-uagb-advanced-heading uagb-block-3636d2c2\"><p class=\"uagb-desc-text\">Konsultacje ksi\u0119gowe online oferuj\u0105 elastyczno\u015b\u0107 i wygod\u0119 dost\u0119pu do profesjonalnych porad ksi\u0119gowych, umo\u017cliwiaj\u0105c rozw\u00f3j biznesu przy pe\u0142nym wsparciu w zakresie przepis\u00f3w podatkowych.<\/p><\/div>\n<\/div>\n\n\n\n<div class=\"wp-block-uagb-image uagb-block-bf9f22f2 wp-block-uagb-image--layout-default wp-block-uagb-image--effect-static wp-block-uagb-image--align-none\"><figure class=\"wp-block-uagb-image__figure\"><img decoding=\"async\" src=\"https:\/\/szablony.maciejdoman.net\/szablon10\/wp-content\/uploads\/sites\/14\/2026\/01\/focused-woman-looking-at-laptop-3784337.jpeg\" alt=\"Focused woman in white working on a laptop in a modern office setting.\" class=\"uag-image-637\" width=\"1200\" height=\"400\" title=\"services-04\" loading=\"lazy\" role=\"img\" \/><\/figure><\/div>\n\n\n\n<div class=\"wp-block-uagb-container uagb-block-5990122a\">\n<div class=\"wp-block-uagb-advanced-heading uagb-block-9847c456\"><h2 class=\"uagb-heading-text\">Obs\u0142uga Payroll<\/h2><\/div>\n\n\n\n<div class=\"wp-block-uagb-advanced-heading uagb-block-0b67d8b8\"><p class=\"uagb-desc-text\">Obs\u0142uga payroll (listy p\u0142ac) zapewnia skuteczne zarz\u0105dzanie wynagrodzeniami pracownik\u00f3w, w tym obliczania podatk\u00f3w i sk\u0142adek, pomagaj\u0105c firmom w spe\u0142nieniu wymog\u00f3w prawnych.<\/p><\/div>\n<\/div>\n<\/div><\/div>\n\n\n\n<div class=\"wp-block-uagb-container uagb-block-a6bfea04 alignfull uagb-is-root-container\"><div class=\"uagb-container-inner-blocks-wrap\">\n<div class=\"wp-block-uagb-info-box uagb-block-baf92aae uagb-infobox__content-wrap  uagb-infobox-icon-above-title uagb-infobox-image-valign-top\"><div class=\"uagb-ifb-content\"><div class=\"uagb-ifb-title-wrap\"><div class=\"uagb-ifb-separator\"><\/div><h2 class=\"uagb-ifb-title\">Skontaktuj si\u0119 z naszym zespo\u0142em ju\u017c dzi\u015b<\/h2><\/div><p class=\"uagb-ifb-desc\">Zadzwo\u0144 lub napisz do nas, aby uzyska\u0107 darmow\u0105 konsultacj\u0119 i dowiedzie\u0107 si\u0119, jak mo\u017cemy pom\u00f3c Twojej firmie.<\/p><div class=\"uagb-ifb-button-wrapper wp-block-button\"><a href=\"\/contact\/\" class=\"uagb-infobox-cta-link wp-block-button__link\" target=\"_self\" rel=\"noopener noreferrer\" onclick=\"return true;\"><span class=\"uagb-inline-editing\">Skontaktuj si\u0119 z nami<\/span><\/a><\/div><\/div><\/div>\n<\/div><\/div>\n","protected":false},"excerpt":{"rendered":"<p>Profesjonalna Obs\u0142uga Ksi\u0119gowa dla Firm Pe\u0142na Obs\u0142uga Sp\u00f3\u0142ek LTD Pe\u0142na obs\u0142uga sp\u00f3\u0142ek Limited (LTD) obejmuje wszystkie aspekty ksi\u0119gowo\u015bci, w tym [&hellip;]<\/p>\n","protected":false},"author":1,"featured_media":0,"parent":0,"menu_order":0,"comment_status":"closed","ping_status":"closed","template":"","meta":{"_uag_custom_page_level_css":"","site-sidebar-layout":"default","site-content-layout":"","ast-site-content-layout":"default","site-content-style":"default","site-sidebar-style":"default","ast-global-header-display":"","ast-banner-title-visibility":"disabled","ast-main-header-display":"","ast-hfb-above-header-display":"","ast-hfb-below-header-display":"","ast-hfb-mobile-header-display":"","site-post-title":"","ast-breadcrumbs-content":"","ast-featured-img":"","footer-sml-layout":"","ast-disable-related-posts":"","theme-transparent-header-meta":"enabled","adv-header-id-meta":"","stick-header-meta":"","header-above-stick-meta":"","header-main-stick-meta":"","header-below-stick-meta":"","astra-migrate-meta-layouts":"default","ast-page-background-enabled":"default","ast-page-background-meta":{"desktop":{"background-color":"var(--ast-global-color-5)","background-image":"","background-repeat":"repeat","background-position":"center center","background-size":"auto","background-attachment":"scroll","background-type":"","background-media":"","overlay-type":"","overlay-color":"","overlay-opacity":"","overlay-gradient":""},"tablet":{"background-color":"","background-image":"","background-repeat":"repeat","background-position":"center center","background-size":"auto","background-attachment":"scroll","background-type":"","background-media":"","overlay-type":"","overlay-color":"","overlay-opacity":"","overlay-gradient":""},"mobile":{"background-color":"","background-image":"","background-repeat":"repeat","background-position":"center center","background-size":"auto","background-attachment":"scroll","background-type":"","background-media":"","overlay-type":"","overlay-color":"","overlay-opacity":"","overlay-gradient":""}},"ast-content-background-meta":{"desktop":{"background-color":"var(--ast-global-color-4)","background-image":"","background-repeat":"repeat","background-position":"center center","background-size":"auto","background-attachment":"scroll","background-type":"","background-media":"","overlay-type":"","overlay-color":"","overlay-opacity":"","overlay-gradient":""},"tablet":{"background-color":"var(--ast-global-color-4)","background-image":"","background-repeat":"repeat","background-position":"center center","background-size":"auto","background-attachment":"scroll","background-type":"","background-media":"","overlay-type":"","overlay-color":"","overlay-opacity":"","overlay-gradient":""},"mobile":{"background-color":"var(--ast-global-color-4)","background-image":"","background-repeat":"repeat","background-position":"center center","background-size":"auto","background-attachment":"scroll","background-type":"","background-media":"","overlay-type":"","overlay-color":"","overlay-opacity":"","overlay-gradient":""}},"footnotes":""},"class_list":["post-21","page","type-page","status-publish","hentry"],"uagb_featured_image_src":{"full":false,"thumbnail":false,"medium":false,"medium_large":false,"large":false,"1536x1536":false,"2048x2048":false},"uagb_author_info":{"display_name":"maciej.doman","author_link":"https:\/\/szablony.maciejdoman.net\/szablon10\/author\/maciej-doman\/"},"uagb_comment_info":0,"uagb_excerpt":"Profesjonalna Obs\u0142uga Ksi\u0119gowa dla Firm Pe\u0142na Obs\u0142uga Sp\u00f3\u0142ek LTD Pe\u0142na obs\u0142uga sp\u00f3\u0142ek Limited (LTD) obejmuje wszystkie aspekty ksi\u0119gowo\u015bci, w tym [&hellip;]","_links":{"self":[{"href":"https:\/\/szablony.maciejdoman.net\/szablon10\/wp-json\/wp\/v2\/pages\/21","targetHints":{"allow":["GET"]}}],"collection":[{"href":"https:\/\/szablony.maciejdoman.net\/szablon10\/wp-json\/wp\/v2\/pages"}],"about":[{"href":"https:\/\/szablony.maciejdoman.net\/szablon10\/wp-json\/wp\/v2\/types\/page"}],"author":[{"embeddable":true,"href":"https:\/\/szablony.maciejdoman.net\/szablon10\/wp-json\/wp\/v2\/users\/1"}],"replies":[{"embeddable":true,"href":"https:\/\/szablony.maciejdoman.net\/szablon10\/wp-json\/wp\/v2\/comments?post=21"}],"version-history":[{"count":0,"href":"https:\/\/szablony.maciejdoman.net\/szablon10\/wp-json\/wp\/v2\/pages\/21\/revisions"}],"wp:attachment":[{"href":"https:\/\/szablony.maciejdoman.net\/szablon10\/wp-json\/wp\/v2\/media?parent=21"}],"curies":[{"name":"wp","href":"https:\/\/api.w.org\/{rel}","templated":true}]}}