{"id":20,"date":"2026-01-03T22:36:16","date_gmt":"2026-01-03T22:36:16","guid":{"rendered":"https:\/\/cuttingedge-calmettes-0jcw3.zipwp.xyz\/?page_id=20"},"modified":"2026-01-03T22:36:16","modified_gmt":"2026-01-03T22:36:16","slug":"about","status":"publish","type":"page","link":"https:\/\/szablony.maciejdoman.net\/szablon10\/about\/","title":{"rendered":"About"},"content":{"rendered":"\n<div class=\"wp-block-uagb-container uagb-block-8e900e2a alignfull uagb-is-root-container\"><div class=\"uagb-container-inner-blocks-wrap\">\n<div class=\"wp-block-uagb-advanced-heading uagb-block-eae04d3f\"><div class=\"uagb-separator\"><\/div><h1 class=\"uagb-heading-text\">O nas<\/h1><\/div>\n<\/div><\/div>\n\n\n\n<div class=\"wp-block-uagb-container uagb-layout-grid uagb-block-17a5449b alignfull uagb-is-root-container\"><div class=\"uagb-container-inner-blocks-wrap\">\n<div class=\"wp-block-uagb-info-box uagb-block-24a46e07 uagb-infobox__content-wrap  uagb-infobox-icon-above-title uagb-infobox-image-valign-top wp-block-uagb-info-box--has-margin\"><div class=\"uagb-infobox-margin-wrapper\"><div class=\"uagb-ifb-content\"><div class=\"uagb-ifb-title-wrap\"><h2 class=\"uagb-ifb-title-prefix\">Poznaj nasze biuro ksi\u0119gowe Domel<\/h2><p class=\"uagb-ifb-title\">Domel to polskie biuro ksi\u0119gowe, kt\u00f3re oferuje kompleksow\u0105 obs\u0142ug\u0119 ksi\u0119gow\u0105 i podatkow\u0105 dla polskich przedsi\u0119biorc\u00f3w w UK. Jeste\u015bmy do\u015bwiadczonym zespo\u0142em, kt\u00f3ry dba o pe\u0142n\u0105 zgodno\u015b\u0107 z przepisami, wspieraj\u0105c rozw\u00f3j ma\u0142ych i \u015brednich firm. Nasze us\u0142ugi s\u0105 dost\u0119pne w j\u0119zyku polskim, co u\u0142atwia komunikacj\u0119.<\/p><\/div><p class=\"uagb-ifb-desc\">Przez ponad 10 lat dokonali\u015bmy ponad 1000 poprawnych rozlicze\u0144 i utrzymujemy wysok\u0105 ocen\u0119 satysfakcji klient\u00f3w na poziomie 4.8.<\/p><\/div><\/div><\/div>\n\n\n\n<div class=\"wp-block-uagb-image alignright uagb-block-ad8c1a64 wp-block-uagb-image--layout-default wp-block-uagb-image--effect-static wp-block-uagb-image--align-right\"><figure class=\"wp-block-uagb-image__figure\"><img decoding=\"async\" src=\"https:\/\/szablony.maciejdoman.net\/szablon10\/wp-content\/uploads\/sites\/14\/2026\/01\/person-calculating-on-a-notebook-6962993.jpeg\" alt=\"A woman writes financial calculations in a notebook, using a calculator and laptop at a wooden desk.\" class=\"uag-image-639\" width=\"420\" height=\"450\" title=\"about-us\" loading=\"lazy\" role=\"img\" \/><\/figure><\/div>\n<\/div><\/div>\n\n\n\n<div class=\"wp-block-uagb-container uagb-layout-grid uagb-block-bb7cd282 alignfull uagb-is-root-container\"><div class=\"uagb-container-inner-blocks-wrap\">\n<div class=\"wp-block-uagb-advanced-heading uagb-block-386230cb\"><h3 class=\"uagb-heading-text\">Historia Domel &#8211; nasze do\u015bwiadczenie i warto\u015bci<\/h3><\/div>\n\n\n\n<div class=\"wp-block-uagb-info-box uagb-block-e88485bd uagb-infobox__content-wrap  uagb-infobox-icon-above-title uagb-infobox-image-valign-top\"><div class=\"uagb-ifb-content\"><div class=\"uagb-ifb-title-wrap\"><span class=\"uagb-ifb-title-prefix\">Domel powsta\u0142o z pasji do wspierania polskich przedsi\u0119biorc\u00f3w w Wielkiej Brytanii. Od ponad 10 lat skutecznie oferujemy us\u0142ugi ksi\u0119gowe dostosowane do potrzeb polskich firm, pomagaj\u0105c im w zgodno\u015bci z przepisami i efektywnym zarz\u0105dzaniu finansami. Zrealizowali\u015bmy tysi\u0105ce poprawnych rozlicze\u0144, co potwierdza nasze do\u015bwiadczenie i profesjonalizm w bran\u017cy.<\/span><p class=\"uagb-ifb-title\">Zaczynaj\u0105c od ma\u0142ej kancelarii, rozwin\u0119li\u015bmy si\u0119 w zaufane biuro ksi\u0119gowe obs\u0142uguj\u0105ce tysi\u0105ce polskich przedsi\u0119biorc\u00f3w na terenie UK. Nasza pasja do ksi\u0119gowo\u015bci przek\u0142ada si\u0119 na sukces naszych klient\u00f3w.<\/p><\/div><p class=\"uagb-ifb-desc\">Z ma\u0142ego biura przerodzili\u015bmy si\u0119 w lidera w bran\u017cy ksi\u0119gowej, przyci\u0105gaj\u0105c polskich przedsi\u0119biorc\u00f3w poszukuj\u0105cych wsparcia w UK.<\/p><\/div><\/div>\n<\/div><\/div>\n\n\n\n<div class=\"wp-block-uagb-container uagb-block-758b4c14 alignfull uagb-is-root-container\"><div class=\"uagb-container-inner-blocks-wrap\">\n<div class=\"wp-block-uagb-image uagb-block-11b8887d wp-block-uagb-image--layout-default wp-block-uagb-image--effect-static wp-block-uagb-image--align-none\"><figure class=\"wp-block-uagb-image__figure\"><img decoding=\"async\" src=\"https:\/\/szablony.maciejdoman.net\/szablon10\/wp-content\/uploads\/sites\/14\/2026\/01\/focused-woman-working-using-laptop-3791130.jpeg\" alt=\"A dedicated female freelancer working on a laptop from her home office.\" class=\"uag-image-632\" width=\"1200\" height=\"450\" title=\"our-mission\" loading=\"lazy\" role=\"img\" \/><\/figure><\/div>\n\n\n\n<div class=\"wp-block-uagb-container uagb-layout-grid uagb-block-309528b7\">\n<div class=\"wp-block-uagb-advanced-heading uagb-block-33387619\"><h2 class=\"uagb-heading-text\">Nasza misja<\/h2><\/div>\n\n\n\n<div class=\"wp-block-uagb-info-box uagb-block-927da30b uagb-infobox__content-wrap  uagb-infobox-icon-above-title uagb-infobox-image-valign-top wp-block-uagb-info-box--has-margin\"><div class=\"uagb-infobox-margin-wrapper\"><div class=\"uagb-ifb-content\"><div class=\"uagb-ifb-title-wrap\"><h3 class=\"uagb-ifb-title-prefix\">Nasza misja: wspiera\u0107 polskich przedsi\u0119biorc\u00f3w<\/h3><p class=\"uagb-ifb-title\">Nasz\u0105 misj\u0105 jest zapewnienie polskim przedsi\u0119biorcom w Wielkiej Brytanii rzetelnej i dostosowanej do ich potrzeb obs\u0142ugi ksi\u0119gowej, aby mogli skupi\u0107 si\u0119 na rozwijaniu swojego biznesu bez zmartwie\u0144 o finanse.<\/p><\/div><p class=\"uagb-ifb-desc\">Zobowi\u0105zujemy si\u0119 do wspierania klient\u00f3w w pe\u0142nej zgodno\u015bci z przepisami podatkowymi.<\/p><\/div><\/div><\/div>\n<\/div>\n<\/div><\/div>\n\n\n\n<div class=\"wp-block-uagb-container uagb-block-a6bfea04 alignfull uagb-is-root-container\"><div class=\"uagb-container-inner-blocks-wrap\">\n<div class=\"wp-block-uagb-info-box uagb-block-baf92aae uagb-infobox__content-wrap  uagb-infobox-icon-above-title uagb-infobox-image-valign-top\"><div class=\"uagb-ifb-content\"><div class=\"uagb-ifb-title-wrap\"><div class=\"uagb-ifb-separator\"><\/div><h2 class=\"uagb-ifb-title\">Skontaktuj si\u0119 z naszym zespo\u0142em ju\u017c dzi\u015b<\/h2><\/div><p class=\"uagb-ifb-desc\">Zadzwo\u0144 lub napisz do nas, aby uzyska\u0107 darmow\u0105 konsultacj\u0119 i dowiedzie\u0107 si\u0119, jak mo\u017cemy pom\u00f3c Twojej firmie.<\/p><div class=\"uagb-ifb-button-wrapper wp-block-button\"><a href=\"\/contact\/\" class=\"uagb-infobox-cta-link wp-block-button__link\" target=\"_self\" rel=\"noopener noreferrer\" onclick=\"return true;\"><span class=\"uagb-inline-editing\">Skontaktuj si\u0119 z nami<\/span><\/a><\/div><\/div><\/div>\n<\/div><\/div>\n","protected":false},"excerpt":{"rendered":"<p>O nas Historia Domel &#8211; nasze do\u015bwiadczenie i warto\u015bci Nasza misja<\/p>\n","protected":false},"author":1,"featured_media":0,"parent":0,"menu_order":0,"comment_status":"closed","ping_status":"closed","template":"","meta":{"_uag_custom_page_level_css":"","site-sidebar-layout":"default","site-content-layout":"","ast-site-content-layout":"default","site-content-style":"default","site-sidebar-style":"default","ast-global-header-display":"","ast-banner-title-visibility":"disabled","ast-main-header-display":"","ast-hfb-above-header-display":"","ast-hfb-below-header-display":"","ast-hfb-mobile-header-display":"","site-post-title":"","ast-breadcrumbs-content":"","ast-featured-img":"","footer-sml-layout":"","ast-disable-related-posts":"","theme-transparent-header-meta":"enabled","adv-header-id-meta":"","stick-header-meta":"","header-above-stick-meta":"","header-main-stick-meta":"","header-below-stick-meta":"","astra-migrate-meta-layouts":"default","ast-page-background-enabled":"default","ast-page-background-meta":{"desktop":{"background-color":"var(--ast-global-color-5)","background-image":"","background-repeat":"repeat","background-position":"center center","background-size":"auto","background-attachment":"scroll","background-type":"","background-media":"","overlay-type":"","overlay-color":"","overlay-opacity":"","overlay-gradient":""},"tablet":{"background-color":"","background-image":"","background-repeat":"repeat","background-position":"center center","background-size":"auto","background-attachment":"scroll","background-type":"","background-media":"","overlay-type":"","overlay-color":"","overlay-opacity":"","overlay-gradient":""},"mobile":{"background-color":"","background-image":"","background-repeat":"repeat","background-position":"center center","background-size":"auto","background-attachment":"scroll","background-type":"","background-media":"","overlay-type":"","overlay-color":"","overlay-opacity":"","overlay-gradient":""}},"ast-content-background-meta":{"desktop":{"background-color":"var(--ast-global-color-4)","background-image":"","background-repeat":"repeat","background-position":"center center","background-size":"auto","background-attachment":"scroll","background-type":"","background-media":"","overlay-type":"","overlay-color":"","overlay-opacity":"","overlay-gradient":""},"tablet":{"background-color":"var(--ast-global-color-4)","background-image":"","background-repeat":"repeat","background-position":"center center","background-size":"auto","background-attachment":"scroll","background-type":"","background-media":"","overlay-type":"","overlay-color":"","overlay-opacity":"","overlay-gradient":""},"mobile":{"background-color":"var(--ast-global-color-4)","background-image":"","background-repeat":"repeat","background-position":"center center","background-size":"auto","background-attachment":"scroll","background-type":"","background-media":"","overlay-type":"","overlay-color":"","overlay-opacity":"","overlay-gradient":""}},"footnotes":""},"class_list":["post-20","page","type-page","status-publish","hentry"],"uagb_featured_image_src":{"full":false,"thumbnail":false,"medium":false,"medium_large":false,"large":false,"1536x1536":false,"2048x2048":false},"uagb_author_info":{"display_name":"maciej.doman","author_link":"https:\/\/szablony.maciejdoman.net\/szablon10\/author\/maciej-doman\/"},"uagb_comment_info":0,"uagb_excerpt":"O nas Historia Domel &#8211; nasze do\u015bwiadczenie i warto\u015bci Nasza misja","_links":{"self":[{"href":"https:\/\/szablony.maciejdoman.net\/szablon10\/wp-json\/wp\/v2\/pages\/20","targetHints":{"allow":["GET"]}}],"collection":[{"href":"https:\/\/szablony.maciejdoman.net\/szablon10\/wp-json\/wp\/v2\/pages"}],"about":[{"href":"https:\/\/szablony.maciejdoman.net\/szablon10\/wp-json\/wp\/v2\/types\/page"}],"author":[{"embeddable":true,"href":"https:\/\/szablony.maciejdoman.net\/szablon10\/wp-json\/wp\/v2\/users\/1"}],"replies":[{"embeddable":true,"href":"https:\/\/szablony.maciejdoman.net\/szablon10\/wp-json\/wp\/v2\/comments?post=20"}],"version-history":[{"count":0,"href":"https:\/\/szablony.maciejdoman.net\/szablon10\/wp-json\/wp\/v2\/pages\/20\/revisions"}],"wp:attachment":[{"href":"https:\/\/szablony.maciejdoman.net\/szablon10\/wp-json\/wp\/v2\/media?parent=20"}],"curies":[{"name":"wp","href":"https:\/\/api.w.org\/{rel}","templated":true}]}}